{"id":1650,"date":"2024-02-21T22:21:36","date_gmt":"2024-02-22T02:21:36","guid":{"rendered":"https:\/\/www.lescitadinsnatation.com\/?page_id=1650"},"modified":"2025-08-16T16:45:02","modified_gmt":"2025-08-16T20:45:02","slug":"programme-scolaire","status":"publish","type":"page","link":"http:\/\/www.lescitadinsnatation.com\/en\/programme-scolaire\/","title":{"rendered":"Programme &#8211; Groupe scolaire"},"content":{"rendered":"<div data-elementor-type=\"wp-page\" data-elementor-id=\"1650\" class=\"elementor elementor-1650\">\n\t\t\t\t\t\t<section class=\"elementor-section elementor-top-section elementor-element elementor-element-35415b23 elementor-section-full_width elementor-section-height-default elementor-section-height-default\" data-id=\"35415b23\" data-element_type=\"section\" data-settings=\"{&quot;background_background&quot;:&quot;classic&quot;,&quot;animation&quot;:&quot;none&quot;}\">\n\t\t\t\t\t\t\t<div class=\"elementor-background-overlay\"><\/div>\n\t\t\t\t\t\t\t<div class=\"elementor-container elementor-column-gap-default\">\n\t\t\t\t\t<div class=\"elementor-column elementor-col-100 elementor-top-column elementor-element elementor-element-5c65b73\" data-id=\"5c65b73\" data-element_type=\"column\" data-settings=\"{&quot;background_background&quot;:&quot;classic&quot;}\">\n\t\t\t<div class=\"elementor-widget-wrap elementor-element-populated\">\n\t\t\t\t\t<div class=\"elementor-background-overlay\"><\/div>\n\t\t\t\t\t\t<div class=\"elementor-element elementor-element-1b663c31 elementor-widget__width-inherit elementor-widget elementor-widget-heading\" data-id=\"1b663c31\" data-element_type=\"widget\" data-settings=\"{&quot;_animation&quot;:&quot;none&quot;}\" data-widget_type=\"heading.default\">\n\t\t\t\t<div class=\"elementor-widget-container\">\n\t\t\t\t\t<h1 class=\"elementor-heading-title elementor-size-default\">School group<\/h1>\t\t\t\t<\/div>\n\t\t\t\t<\/div>\n\t\t\t\t\t<\/div>\n\t\t<\/div>\n\t\t\t\t\t<\/div>\n\t\t<\/section>\n\t\t<div class=\"elementor-element elementor-element-8e33a99 e-con-full e-flex e-con e-parent\" data-id=\"8e33a99\" data-element_type=\"container\">\n\t\t<div class=\"elementor-element elementor-element-182a3d2 e-flex e-con-boxed e-con e-child\" data-id=\"182a3d2\" data-element_type=\"container\">\n\t\t\t\t\t<div class=\"e-con-inner\">\n\t\t\t\t<div class=\"elementor-element elementor-element-dd2c3fc elementor-widget elementor-widget-heading\" data-id=\"dd2c3fc\" data-element_type=\"widget\" data-widget_type=\"heading.default\">\n\t\t\t\t<div class=\"elementor-widget-container\">\n\t\t\t\t\t<h2 class=\"elementor-heading-title elementor-size-default\">\u00c9quipe scolaire<\/h2>\t\t\t\t<\/div>\n\t\t\t\t<\/div>\n\t\t\t\t<div class=\"elementor-element elementor-element-00759f8 elementor-widget elementor-widget-text-editor\" data-id=\"00759f8\" data-element_type=\"widget\" data-widget_type=\"text-editor.default\">\n\t\t\t\t<div class=\"elementor-widget-container\">\n\t\t\t\t\t\t\t\t\t<p>The school group trains in the morning, before classes start (secondary school). There are both beginners and more experienced swimmers there. They practice the four swimming styles, endurance, intensity, short speed and racing pace, depending on their level.<\/p><p><i>(<span style=\"color: #ff0000;\">New<\/span>)\u00a0<\/i>School swimmers can participate in civil competitions depending on their level and the coach's recommendations.<\/p>\t\t\t\t\t\t\t\t<\/div>\n\t\t\t\t<\/div>\n\t\t<div class=\"elementor-element elementor-element-924cf69 e-con-full e-flex e-con e-child\" data-id=\"924cf69\" data-element_type=\"container\" data-settings=\"{&quot;background_background&quot;:&quot;gradient&quot;}\">\n\t\t<div class=\"elementor-element elementor-element-a57c726 e-con-full e-flex e-con e-child\" data-id=\"a57c726\" data-element_type=\"container\">\n\t\t\t\t<div class=\"elementor-element elementor-element-9d886b5 elementor-widget__width-initial elementor-widget elementor-widget-text-editor\" data-id=\"9d886b5\" data-element_type=\"widget\" data-widget_type=\"text-editor.default\">\n\t\t\t\t<div class=\"elementor-widget-container\">\n\t\t\t\t\t\t\t\t\t<p><strong>Number of training hours:<\/strong>\u00a04 h 30 \/ week<\/p><p><span style=\"font-weight: bold;\">Number of spots:\u00a0 <\/span>25<\/p><p><span style=\"text-align: var(--text-align);\"><strong>Competitions:<\/strong> <\/span><\/p><ul><li><span style=\"text-align: var(--text-align);\">Scolaires (RSEQ), <\/span><\/li><li><span style=\"text-align: var(--text-align);\">Civil<\/span><span style=\"text-align: var(--text-align);\"> (Local \/ Regional \/ Provincial)<\/span><\/li><\/ul><p>\u00a0<\/p><p>Swimmers from the school team will participate in approximately 4 school competitions during the year and depending on performance, swimmers can qualify for the provincial school championships.<\/p>\t\t\t\t\t\t\t\t<\/div>\n\t\t\t\t<\/div>\n\t\t\t\t<\/div>\n\t\t\t\t<\/div>\n\t\t<section class=\"elementor-element elementor-element-c6d0b7f e-flex e-con-boxed e-con e-child\" data-id=\"c6d0b7f\" data-element_type=\"container\">\n\t\t\t\t\t<div class=\"e-con-inner\">\n\t\t<div class=\"elementor-element elementor-element-6768ac7 e-flex e-con-boxed e-con e-child\" data-id=\"6768ac7\" data-element_type=\"container\">\n\t\t\t\t\t<div class=\"e-con-inner\">\n\t\t\t\t<div class=\"elementor-element elementor-element-173ce16 elementor-widget elementor-widget-heading\" data-id=\"173ce16\" data-element_type=\"widget\" data-widget_type=\"heading.default\">\n\t\t\t\t<div class=\"elementor-widget-container\">\n\t\t\t\t\t<h3 class=\"elementor-heading-title elementor-size-default\">Training schedule<\/h3>\t\t\t\t<\/div>\n\t\t\t\t<\/div>\n\t\t\t\t<div class=\"elementor-element elementor-element-f6917bd elementor-widget__width-inherit elementor-widget elementor-widget-text-editor\" data-id=\"f6917bd\" data-element_type=\"widget\" data-widget_type=\"text-editor.default\">\n\t\t\t\t<div class=\"elementor-widget-container\">\n\t\t\t\t\t\t\t\t\t<p>\n<table id=\"tablepress-13\" class=\"tablepress tablepress-id-13\">\n<tbody>\n<tr class=\"row-1\">\n\t<td class=\"column-1\"><strong>Day<\/strong><\/td><td class=\"column-2\"><strong><i class='fas fa-swimmer'><\/i>  Pool AM<\/strong><\/td>\n<\/tr>\n<tr class=\"row-2\">\n\t<td class=\"column-1\">Sunday<\/td><td class=\"column-2\"><\/td>\n<\/tr>\n<tr class=\"row-3\">\n\t<td class=\"column-1\">Monday<\/td><td class=\"column-2\">7:00 &#8211; 8:30<\/td>\n<\/tr>\n<tr class=\"row-4\">\n\t<td class=\"column-1\">Tuesday<\/td><td class=\"column-2\"><\/td>\n<\/tr>\n<tr class=\"row-5\">\n\t<td class=\"column-1\">Wednesday<\/td><td class=\"column-2\">7:00 &#8211; 8:30<\/td>\n<\/tr>\n<tr class=\"row-6\">\n\t<td class=\"column-1\">Thursday<\/td><td class=\"column-2\"><\/td>\n<\/tr>\n<tr class=\"row-7\">\n\t<td class=\"column-1\">Friday<\/td><td class=\"column-2\">7:00 &#8211; 8:30<\/td>\n<\/tr>\n<tr class=\"row-8\">\n\t<td class=\"column-1\">Saturday<\/td><td class=\"column-2\"><\/td>\n<\/tr>\n<\/tbody>\n<\/table>\n<!-- #tablepress-13 from cache --><\/p>\t\t\t\t\t\t\t\t<\/div>\n\t\t\t\t<\/div>\n\t\t\t\t\t<\/div>\n\t\t\t\t<\/div>\n\t\t<div class=\"elementor-element elementor-element-6a2d3fd e-flex e-con-boxed e-con e-child\" data-id=\"6a2d3fd\" data-element_type=\"container\">\n\t\t\t\t\t<div class=\"e-con-inner\">\n\t\t\t\t<div class=\"elementor-element elementor-element-92dd031 elementor-widget elementor-widget-heading\" data-id=\"92dd031\" data-element_type=\"widget\" data-widget_type=\"heading.default\">\n\t\t\t\t<div class=\"elementor-widget-container\">\n\t\t\t\t\t<h3 class=\"elementor-heading-title elementor-size-default\">Tarifs 2025-2026<\/h3>\t\t\t\t<\/div>\n\t\t\t\t<\/div>\n\t\t\t\t<div class=\"elementor-element elementor-element-483f736 elementor-widget__width-inherit elementor-widget elementor-widget-text-editor\" data-id=\"483f736\" data-element_type=\"widget\" data-widget_type=\"text-editor.default\">\n\t\t\t\t<div class=\"elementor-widget-container\">\n\t\t\t\t\t\t\t\t\t<p>\n<table id=\"tablepress-14\" class=\"tablepress tablepress-id-14\">\n<tbody>\n<tr class=\"row-1\">\n\t<td class=\"column-1\"><\/td><td class=\"column-2\">Regular members<\/td><td class=\"column-3\">Citizens of <br \/>\nVaudreuil-Dorion<\/td>\n<\/tr>\n<tr class=\"row-2\">\n\t<td class=\"column-1\">Registration fees<\/td><td class=\"column-2\">400 $<\/td><td class=\"column-3\">400 $<\/td>\n<\/tr>\n<tr class=\"row-3\">\n\t<td class=\"column-1\">Monthly payments x 7<\/td><td class=\"column-2\">121,42<br \/>\n$\/month<\/td><td class=\"column-3\">85,71<br \/>\n$\/month<\/td>\n<\/tr>\n<tr class=\"row-4\">\n\t<td class=\"column-1\">Total<\/td><td class=\"column-2\"><strong style=\"color:var(--e-global-color-accent);\">1250 $<\/strong><\/td><td class=\"column-3\"><strong style=\"color:var(--e-global-color-accent);\">1000 $<\/strong><\/td>\n<\/tr>\n<tr class=\"row-5\">\n\t<td class=\"column-1\">Affiliate fees<\/td><td class=\"column-2\">Not included<\/td><td class=\"column-3\">Not included<\/td>\n<\/tr>\n<tr class=\"row-6\">\n\t<td class=\"column-1\">Competition fees<\/td><td class=\"column-2\">Not included<\/td><td class=\"column-3\">Not included<\/td>\n<\/tr>\n<tr class=\"row-7\">\n\t<td class=\"column-1\"><\/td><td class=\"column-2\"><\/td><td class=\"column-3\"><i class='fas fa-id-card'><\/i> To obtain the discount from the city of Vaudreuil-Dorion, you must provide the citizen card number<\/td>\n<\/tr>\n<\/tbody>\n<\/table>\n<!-- #tablepress-14 from cache --><\/p>\t\t\t\t\t\t\t\t<\/div>\n\t\t\t\t<\/div>\n\t\t\t\t\t<\/div>\n\t\t\t\t<\/div>\n\t\t\t\t\t<\/div>\n\t\t\t\t<\/section>\n\t\t\t\t\t<\/div>\n\t\t\t\t<\/div>\n\t\t\t\t<\/div>\n\t\t\t\t<\/div>","protected":false},"excerpt":{"rendered":"<p>Groupe scolaire \u00c9quipe scolaire Le groupe scolaire s&rsquo;entra\u00eene le matin, avant le d\u00e9but des classes (\u00e9cole secondaire). On y trouve autant des nageurs d\u00e9butants que plus exp\u00e9riment\u00e9s. Ils pratiquent les quatre styles de nage, l&rsquo;endurance, l&rsquo;intensit\u00e9, la vitesse courte et le rythme de course, selon leur niveau. (Nouveau)\u00a0Les nageurs scolaire peuvent participer aux comp\u00e9titions civils &hellip; <\/p>\n<p class=\"link-more\"><a href=\"http:\/\/www.lescitadinsnatation.com\/en\/programme-scolaire\/\" class=\"more-link\">Read more<span class=\"screen-reader-text\"> \u00ab\u00a0Programme &#8211; Groupe scolaire\u00a0\u00bb<\/span><\/a><\/p>","protected":false},"author":1,"featured_media":0,"parent":0,"menu_order":0,"comment_status":"closed","ping_status":"closed","template":"page-templates\/full-width-transparent.php","meta":{"footnotes":""},"class_list":["post-1650","page","type-page","status-publish","hentry"],"yoast_head":"<!-- This site is optimized with the Yoast SEO plugin v26.3 - https:\/\/yoast.com\/wordpress\/plugins\/seo\/ -->\n<title>Programme - Groupe scolaire - Les Citadins Natation<\/title>\n<meta name=\"robots\" content=\"index, follow, max-snippet:-1, max-image-preview:large, max-video-preview:-1\" \/>\n<link rel=\"canonical\" href=\"https:\/\/www.lescitadinsnatation.com\/en\/programme-scolaire\/\" \/>\n<meta property=\"og:locale\" content=\"en_US\" \/>\n<meta property=\"og:type\" content=\"article\" \/>\n<meta property=\"og:title\" content=\"Programme - Groupe scolaire - Les Citadins Natation\" \/>\n<meta property=\"og:description\" content=\"Groupe scolaire \u00c9quipe scolaire Le groupe scolaire s&rsquo;entra\u00eene le matin, avant le d\u00e9but des classes (\u00e9cole secondaire). On y trouve autant des nageurs d\u00e9butants que plus exp\u00e9riment\u00e9s. Ils pratiquent les quatre styles de nage, l&rsquo;endurance, l&rsquo;intensit\u00e9, la vitesse courte et le rythme de course, selon leur niveau. (Nouveau)\u00a0Les nageurs scolaire peuvent participer aux comp\u00e9titions civils &hellip; Read more &quot;Programme &#8211; Groupe scolaire&quot;\" \/>\n<meta property=\"og:url\" content=\"https:\/\/www.lescitadinsnatation.com\/en\/programme-scolaire\/\" \/>\n<meta property=\"og:site_name\" content=\"Les Citadins Natation\" \/>\n<meta property=\"article:modified_time\" content=\"2025-08-16T20:45:02+00:00\" \/>\n<meta name=\"twitter:label1\" content=\"Est. reading time\" \/>\n\t<meta name=\"twitter:data1\" content=\"1 minute\" \/>\n<script type=\"application\/ld+json\" class=\"yoast-schema-graph\">{\"@context\":\"https:\/\/schema.org\",\"@graph\":[{\"@type\":\"WebPage\",\"@id\":\"https:\/\/www.lescitadinsnatation.com\/programme-scolaire\/\",\"url\":\"https:\/\/www.lescitadinsnatation.com\/programme-scolaire\/\",\"name\":\"Programme - Groupe scolaire - Les Citadins Natation\",\"isPartOf\":{\"@id\":\"https:\/\/wp212640.wpdns.ca\/fr\/accueil\/#website\"},\"datePublished\":\"2024-02-22T02:21:36+00:00\",\"dateModified\":\"2025-08-16T20:45:02+00:00\",\"breadcrumb\":{\"@id\":\"https:\/\/www.lescitadinsnatation.com\/programme-scolaire\/#breadcrumb\"},\"inLanguage\":\"en-CA\",\"potentialAction\":[{\"@type\":\"ReadAction\",\"target\":[\"https:\/\/www.lescitadinsnatation.com\/programme-scolaire\/\"]}]},{\"@type\":\"BreadcrumbList\",\"@id\":\"https:\/\/www.lescitadinsnatation.com\/programme-scolaire\/#breadcrumb\",\"itemListElement\":[{\"@type\":\"ListItem\",\"position\":1,\"name\":\"Home\",\"item\":\"https:\/\/www.lescitadinsnatation.com\/\"},{\"@type\":\"ListItem\",\"position\":2,\"name\":\"Programme &#8211; Groupe scolaire\"}]},{\"@type\":\"WebSite\",\"@id\":\"https:\/\/wp212640.wpdns.ca\/fr\/accueil\/#website\",\"url\":\"https:\/\/wp212640.wpdns.ca\/fr\/accueil\/\",\"name\":\"Les Citadins Natation\",\"description\":\"Atteindre l&#039;excellence, une longueur \u00e0 la fois !\",\"publisher\":{\"@id\":\"https:\/\/wp212640.wpdns.ca\/fr\/accueil\/#organization\"},\"potentialAction\":[{\"@type\":\"SearchAction\",\"target\":{\"@type\":\"EntryPoint\",\"urlTemplate\":\"https:\/\/wp212640.wpdns.ca\/fr\/accueil\/?s={search_term_string}\"},\"query-input\":{\"@type\":\"PropertyValueSpecification\",\"valueRequired\":true,\"valueName\":\"search_term_string\"}}],\"inLanguage\":\"en-CA\"},{\"@type\":\"Organization\",\"@id\":\"https:\/\/wp212640.wpdns.ca\/fr\/accueil\/#organization\",\"name\":\"Les Citadins Natation\",\"url\":\"https:\/\/wp212640.wpdns.ca\/fr\/accueil\/\",\"logo\":{\"@type\":\"ImageObject\",\"inLanguage\":\"en-CA\",\"@id\":\"https:\/\/wp212640.wpdns.ca\/fr\/accueil\/#\/schema\/logo\/image\/\",\"url\":\"https:\/\/www.lescitadinsnatation.com\/wp-content\/uploads\/2025\/04\/Logo_CitadinsNatation_AvecTexte_Avril2025.png\",\"contentUrl\":\"https:\/\/www.lescitadinsnatation.com\/wp-content\/uploads\/2025\/04\/Logo_CitadinsNatation_AvecTexte_Avril2025.png\",\"width\":690,\"height\":427,\"caption\":\"Les Citadins Natation\"},\"image\":{\"@id\":\"https:\/\/wp212640.wpdns.ca\/fr\/accueil\/#\/schema\/logo\/image\/\"}}]}<\/script>\n<!-- \/ Yoast SEO plugin. -->","yoast_head_json":{"title":"Programme - Groupe scolaire - Les Citadins Natation","robots":{"index":"index","follow":"follow","max-snippet":"max-snippet:-1","max-image-preview":"max-image-preview:large","max-video-preview":"max-video-preview:-1"},"canonical":"https:\/\/www.lescitadinsnatation.com\/en\/programme-scolaire\/","og_locale":"en_US","og_type":"article","og_title":"Programme - Groupe scolaire - Les Citadins Natation","og_description":"Groupe scolaire \u00c9quipe scolaire Le groupe scolaire s&rsquo;entra\u00eene le matin, avant le d\u00e9but des classes (\u00e9cole secondaire). On y trouve autant des nageurs d\u00e9butants que plus exp\u00e9riment\u00e9s. Ils pratiquent les quatre styles de nage, l&rsquo;endurance, l&rsquo;intensit\u00e9, la vitesse courte et le rythme de course, selon leur niveau. (Nouveau)\u00a0Les nageurs scolaire peuvent participer aux comp\u00e9titions civils &hellip; Read more \"Programme &#8211; Groupe scolaire\"","og_url":"https:\/\/www.lescitadinsnatation.com\/en\/programme-scolaire\/","og_site_name":"Les Citadins Natation","article_modified_time":"2025-08-16T20:45:02+00:00","twitter_misc":{"Est. reading time":"1 minute"},"schema":{"@context":"https:\/\/schema.org","@graph":[{"@type":"WebPage","@id":"https:\/\/www.lescitadinsnatation.com\/programme-scolaire\/","url":"https:\/\/www.lescitadinsnatation.com\/programme-scolaire\/","name":"Programme - Groupe scolaire - Les Citadins Natation","isPartOf":{"@id":"https:\/\/wp212640.wpdns.ca\/fr\/accueil\/#website"},"datePublished":"2024-02-22T02:21:36+00:00","dateModified":"2025-08-16T20:45:02+00:00","breadcrumb":{"@id":"https:\/\/www.lescitadinsnatation.com\/programme-scolaire\/#breadcrumb"},"inLanguage":"en-CA","potentialAction":[{"@type":"ReadAction","target":["https:\/\/www.lescitadinsnatation.com\/programme-scolaire\/"]}]},{"@type":"BreadcrumbList","@id":"https:\/\/www.lescitadinsnatation.com\/programme-scolaire\/#breadcrumb","itemListElement":[{"@type":"ListItem","position":1,"name":"Home","item":"https:\/\/www.lescitadinsnatation.com\/"},{"@type":"ListItem","position":2,"name":"Programme &#8211; Groupe scolaire"}]},{"@type":"WebSite","@id":"https:\/\/wp212640.wpdns.ca\/fr\/accueil\/#website","url":"https:\/\/wp212640.wpdns.ca\/fr\/accueil\/","name":"Les Citadins Natation","description":"Achieve excellence, one step at a time!","publisher":{"@id":"https:\/\/wp212640.wpdns.ca\/fr\/accueil\/#organization"},"potentialAction":[{"@type":"SearchAction","target":{"@type":"EntryPoint","urlTemplate":"https:\/\/wp212640.wpdns.ca\/fr\/accueil\/?s={search_term_string}"},"query-input":{"@type":"PropertyValueSpecification","valueRequired":true,"valueName":"search_term_string"}}],"inLanguage":"en-CA"},{"@type":"Organization","@id":"https:\/\/wp212640.wpdns.ca\/fr\/accueil\/#organization","name":"Les Citadins Natation","url":"https:\/\/wp212640.wpdns.ca\/fr\/accueil\/","logo":{"@type":"ImageObject","inLanguage":"en-CA","@id":"https:\/\/wp212640.wpdns.ca\/fr\/accueil\/#\/schema\/logo\/image\/","url":"https:\/\/www.lescitadinsnatation.com\/wp-content\/uploads\/2025\/04\/Logo_CitadinsNatation_AvecTexte_Avril2025.png","contentUrl":"https:\/\/www.lescitadinsnatation.com\/wp-content\/uploads\/2025\/04\/Logo_CitadinsNatation_AvecTexte_Avril2025.png","width":690,"height":427,"caption":"Les Citadins Natation"},"image":{"@id":"https:\/\/wp212640.wpdns.ca\/fr\/accueil\/#\/schema\/logo\/image\/"}}]}},"_links":{"self":[{"href":"http:\/\/www.lescitadinsnatation.com\/en\/wp-json\/wp\/v2\/pages\/1650","targetHints":{"allow":["GET"]}}],"collection":[{"href":"http:\/\/www.lescitadinsnatation.com\/en\/wp-json\/wp\/v2\/pages"}],"about":[{"href":"http:\/\/www.lescitadinsnatation.com\/en\/wp-json\/wp\/v2\/types\/page"}],"author":[{"embeddable":true,"href":"http:\/\/www.lescitadinsnatation.com\/en\/wp-json\/wp\/v2\/users\/1"}],"replies":[{"embeddable":true,"href":"http:\/\/www.lescitadinsnatation.com\/en\/wp-json\/wp\/v2\/comments?post=1650"}],"version-history":[{"count":44,"href":"http:\/\/www.lescitadinsnatation.com\/en\/wp-json\/wp\/v2\/pages\/1650\/revisions"}],"predecessor-version":[{"id":3762,"href":"http:\/\/www.lescitadinsnatation.com\/en\/wp-json\/wp\/v2\/pages\/1650\/revisions\/3762"}],"wp:attachment":[{"href":"http:\/\/www.lescitadinsnatation.com\/en\/wp-json\/wp\/v2\/media?parent=1650"}],"curies":[{"name":"wp","href":"https:\/\/api.w.org\/{rel}","templated":true}]}}