{"id":695,"date":"2024-01-13T17:04:16","date_gmt":"2024-01-13T21:04:16","guid":{"rendered":"https:\/\/www.lescitadinsnatation.com\/?page_id=695"},"modified":"2024-02-25T23:59:01","modified_gmt":"2024-02-26T03:59:01","slug":"benevolat","status":"publish","type":"page","link":"http:\/\/www.lescitadinsnatation.com\/en\/benevolat\/","title":{"rendered":"Volunteering"},"content":{"rendered":"<div data-elementor-type=\"wp-page\" data-elementor-id=\"695\" class=\"elementor elementor-695\">\n\t\t\t\t\t\t<section class=\"elementor-section elementor-top-section elementor-element elementor-element-1c38f6b0 elementor-section-full_width elementor-section-height-default elementor-section-height-default\" data-id=\"1c38f6b0\" data-element_type=\"section\" data-settings=\"{&quot;background_background&quot;:&quot;classic&quot;,&quot;animation&quot;:&quot;none&quot;}\">\n\t\t\t\t\t\t\t<div class=\"elementor-background-overlay\"><\/div>\n\t\t\t\t\t\t\t<div class=\"elementor-container elementor-column-gap-default\">\n\t\t\t\t\t<div class=\"elementor-column elementor-col-100 elementor-top-column elementor-element elementor-element-16547f4d\" data-id=\"16547f4d\" data-element_type=\"column\" data-settings=\"{&quot;background_background&quot;:&quot;classic&quot;}\">\n\t\t\t<div class=\"elementor-widget-wrap elementor-element-populated\">\n\t\t\t\t\t<div class=\"elementor-background-overlay\"><\/div>\n\t\t\t\t\t\t<div class=\"elementor-element elementor-element-4f346018 elementor-widget__width-inherit elementor-widget elementor-widget-heading\" data-id=\"4f346018\" data-element_type=\"widget\" data-settings=\"{&quot;_animation&quot;:&quot;none&quot;}\" data-widget_type=\"heading.default\">\n\t\t\t\t<div class=\"elementor-widget-container\">\n\t\t\t\t\t<h1 class=\"elementor-heading-title elementor-size-default\">Volunteering<\/h1>\t\t\t\t<\/div>\n\t\t\t\t<\/div>\n\t\t\t\t\t<\/div>\n\t\t<\/div>\n\t\t\t\t\t<\/div>\n\t\t<\/section>\n\t\t<div class=\"elementor-element elementor-element-5f78ae0 e-flex e-con-boxed e-con e-parent\" data-id=\"5f78ae0\" data-element_type=\"container\">\n\t\t\t\t\t<div class=\"e-con-inner\">\n\t\t\t\t<div class=\"elementor-element elementor-element-d2be0cd elementor-widget elementor-widget-text-editor\" data-id=\"d2be0cd\" data-element_type=\"widget\" data-widget_type=\"text-editor.default\">\n\t\t\t\t<div class=\"elementor-widget-container\">\n\t\t\t\t\t\t\t\t\t<p>The swimming club is always in need of volunteers. Holding a competition, a fundraising activity (e.g. swim-a-thon) or a social event requires the contribution of several people. Do you want to get involved in the club? Do you have knowledge in a particular field or would you simply like to offer your time to enable one of these activities to take place? Do not hesitate to express your interest in\u00a0<a href=\"mailto:info@lescitadinsnatation.com\" target=\"_blank\" rel=\"noopener\">info@lescitadinsnatation.com<\/a>.<br \/>Your contribution is essential to the proper functioning of the club.\u00a0<\/p><p>Please note that three positions are currently vacant on the board of directors and available if you are interested in joining.<\/p>\t\t\t\t\t\t\t\t<\/div>\n\t\t\t\t<\/div>\n\t\t<div class=\"elementor-element elementor-element-4e4a8c6 e-flex e-con-boxed e-con e-child\" data-id=\"4e4a8c6\" data-element_type=\"container\">\n\t\t\t\t\t<div class=\"e-con-inner\">\n\t\t\t\t<div class=\"elementor-element elementor-element-a44e46b elementor-widget elementor-widget-image\" data-id=\"a44e46b\" data-element_type=\"widget\" data-widget_type=\"image.default\">\n\t\t\t\t<div class=\"elementor-widget-container\">\n\t\t\t\t\t\t\t\t\t\t\t\t\t\t\t<img fetchpriority=\"high\" decoding=\"async\" width=\"950\" height=\"534\" src=\"https:\/\/www.lescitadinsnatation.com\/wp-content\/uploads\/2024\/02\/20240217_235553411_iOS-1024x576.jpg\" class=\"attachment-large size-large wp-image-1854\" alt=\"\" srcset=\"https:\/\/www.lescitadinsnatation.com\/wp-content\/uploads\/2024\/02\/20240217_235553411_iOS-1024x576.jpg 1024w, https:\/\/www.lescitadinsnatation.com\/wp-content\/uploads\/2024\/02\/20240217_235553411_iOS-300x169.jpg 300w, https:\/\/www.lescitadinsnatation.com\/wp-content\/uploads\/2024\/02\/20240217_235553411_iOS-2000x1125.jpg 2000w, https:\/\/www.lescitadinsnatation.com\/wp-content\/uploads\/2024\/02\/20240217_235553411_iOS-scaled-1536x864.jpg 1536w, https:\/\/www.lescitadinsnatation.com\/wp-content\/uploads\/2024\/02\/20240217_235553411_iOS-scaled-2048x1152.jpg 2048w, https:\/\/www.lescitadinsnatation.com\/wp-content\/uploads\/2024\/02\/20240217_235553411_iOS-scaled-18x10.jpg 18w\" sizes=\"100vw\" \/>\t\t\t\t\t\t\t\t\t\t\t\t\t\t\t<\/div>\n\t\t\t\t<\/div>\n\t\t\t\t<div class=\"elementor-element elementor-element-56889f2 elementor-widget elementor-widget-image\" data-id=\"56889f2\" data-element_type=\"widget\" data-widget_type=\"image.default\">\n\t\t\t\t<div class=\"elementor-widget-container\">\n\t\t\t\t\t\t\t\t\t\t\t\t\t\t\t<img decoding=\"async\" width=\"950\" height=\"534\" src=\"https:\/\/www.lescitadinsnatation.com\/wp-content\/uploads\/2024\/02\/20240217_221016220_iOS-1024x576.jpg\" class=\"attachment-large size-large wp-image-1853\" alt=\"\" srcset=\"https:\/\/www.lescitadinsnatation.com\/wp-content\/uploads\/2024\/02\/20240217_221016220_iOS-1024x576.jpg 1024w, https:\/\/www.lescitadinsnatation.com\/wp-content\/uploads\/2024\/02\/20240217_221016220_iOS-300x169.jpg 300w, https:\/\/www.lescitadinsnatation.com\/wp-content\/uploads\/2024\/02\/20240217_221016220_iOS-2000x1125.jpg 2000w, https:\/\/www.lescitadinsnatation.com\/wp-content\/uploads\/2024\/02\/20240217_221016220_iOS-scaled-1536x864.jpg 1536w, https:\/\/www.lescitadinsnatation.com\/wp-content\/uploads\/2024\/02\/20240217_221016220_iOS-scaled-2048x1152.jpg 2048w, https:\/\/www.lescitadinsnatation.com\/wp-content\/uploads\/2024\/02\/20240217_221016220_iOS-scaled-18x10.jpg 18w\" sizes=\"100vw\" \/>\t\t\t\t\t\t\t\t\t\t\t\t\t\t\t<\/div>\n\t\t\t\t<\/div>\n\t\t\t\t\t<\/div>\n\t\t\t\t<\/div>\n\t\t\t\t\t<\/div>\n\t\t\t\t<\/div>\n\t\t\t\t<\/div>","protected":false},"excerpt":{"rendered":"<p>B\u00e9n\u00e9volat Le club de natation a toujours besoin de b\u00e9n\u00e9voles. Tenir une comp\u00e9tition, une activit\u00e9 de financement (ex. nage-o-thon) ou un \u00e9v\u00e9nement social n\u00e9cessite la contribution de plusieurs personnes. Vous avez envie de vous impliquer dans le club? Vous avez des connaissances dans un domaine en particulier ou vous d\u00e9sirez simplement offrir de votre temps &hellip; <\/p>\n<p class=\"link-more\"><a href=\"http:\/\/www.lescitadinsnatation.com\/en\/benevolat\/\" class=\"more-link\">Read more<span class=\"screen-reader-text\"> \u00ab\u00a0B\u00e9n\u00e9volat\u00a0\u00bb<\/span><\/a><\/p>","protected":false},"author":1,"featured_media":0,"parent":0,"menu_order":0,"comment_status":"closed","ping_status":"closed","template":"page-templates\/full-width-transparent.php","meta":{"footnotes":""},"class_list":["post-695","page","type-page","status-publish","hentry"],"yoast_head":"<!-- This site is optimized with the Yoast SEO plugin v26.3 - https:\/\/yoast.com\/wordpress\/plugins\/seo\/ -->\n<title>B\u00e9n\u00e9volat - Les Citadins Natation<\/title>\n<meta name=\"robots\" content=\"index, follow, max-snippet:-1, max-image-preview:large, max-video-preview:-1\" \/>\n<link rel=\"canonical\" href=\"https:\/\/wp212640.wpdns.ca\/fr\/benevolat\/\" \/>\n<meta property=\"og:locale\" content=\"en_US\" \/>\n<meta property=\"og:type\" content=\"article\" \/>\n<meta property=\"og:title\" content=\"B\u00e9n\u00e9volat - Les Citadins Natation\" \/>\n<meta property=\"og:description\" content=\"B\u00e9n\u00e9volat Le club de natation a toujours besoin de b\u00e9n\u00e9voles. Tenir une comp\u00e9tition, une activit\u00e9 de financement (ex. nage-o-thon) ou un \u00e9v\u00e9nement social n\u00e9cessite la contribution de plusieurs personnes. Vous avez envie de vous impliquer dans le club? Vous avez des connaissances dans un domaine en particulier ou vous d\u00e9sirez simplement offrir de votre temps &hellip; Read more &quot;B\u00e9n\u00e9volat&quot;\" \/>\n<meta property=\"og:url\" content=\"https:\/\/wp212640.wpdns.ca\/fr\/benevolat\/\" \/>\n<meta property=\"og:site_name\" content=\"Les Citadins Natation\" \/>\n<meta property=\"article:modified_time\" content=\"2024-02-26T03:59:01+00:00\" \/>\n<meta property=\"og:image\" content=\"https:\/\/wp212640.wpdns.ca\/wp-content\/uploads\/2024\/02\/20240217_235553411_iOS-1024x576.jpg\" \/>\n<meta name=\"twitter:label1\" content=\"Est. reading time\" \/>\n\t<meta name=\"twitter:data1\" content=\"1 minute\" \/>\n<script type=\"application\/ld+json\" class=\"yoast-schema-graph\">{\"@context\":\"https:\/\/schema.org\",\"@graph\":[{\"@type\":\"WebPage\",\"@id\":\"https:\/\/wp212640.wpdns.ca\/fr\/benevolat\/\",\"url\":\"https:\/\/wp212640.wpdns.ca\/fr\/benevolat\/\",\"name\":\"B\u00e9n\u00e9volat - Les Citadins Natation\",\"isPartOf\":{\"@id\":\"https:\/\/wp212640.wpdns.ca\/fr\/accueil\/#website\"},\"primaryImageOfPage\":{\"@id\":\"https:\/\/wp212640.wpdns.ca\/fr\/benevolat\/#primaryimage\"},\"image\":{\"@id\":\"https:\/\/wp212640.wpdns.ca\/fr\/benevolat\/#primaryimage\"},\"thumbnailUrl\":\"https:\/\/www.lescitadinsnatation.com\/wp-content\/uploads\/2024\/02\/20240217_235553411_iOS-1024x576.jpg\",\"datePublished\":\"2024-01-13T21:04:16+00:00\",\"dateModified\":\"2024-02-26T03:59:01+00:00\",\"breadcrumb\":{\"@id\":\"https:\/\/wp212640.wpdns.ca\/fr\/benevolat\/#breadcrumb\"},\"inLanguage\":\"en-CA\",\"potentialAction\":[{\"@type\":\"ReadAction\",\"target\":[\"https:\/\/wp212640.wpdns.ca\/fr\/benevolat\/\"]}]},{\"@type\":\"ImageObject\",\"inLanguage\":\"en-CA\",\"@id\":\"https:\/\/wp212640.wpdns.ca\/fr\/benevolat\/#primaryimage\",\"url\":\"https:\/\/www.lescitadinsnatation.com\/wp-content\/uploads\/2024\/02\/20240217_235553411_iOS-1024x576.jpg\",\"contentUrl\":\"https:\/\/www.lescitadinsnatation.com\/wp-content\/uploads\/2024\/02\/20240217_235553411_iOS-1024x576.jpg\"},{\"@type\":\"BreadcrumbList\",\"@id\":\"https:\/\/wp212640.wpdns.ca\/fr\/benevolat\/#breadcrumb\",\"itemListElement\":[{\"@type\":\"ListItem\",\"position\":1,\"name\":\"Home\",\"item\":\"https:\/\/www.lescitadinsnatation.com\/\"},{\"@type\":\"ListItem\",\"position\":2,\"name\":\"B\u00e9n\u00e9volat\"}]},{\"@type\":\"WebSite\",\"@id\":\"https:\/\/wp212640.wpdns.ca\/fr\/accueil\/#website\",\"url\":\"https:\/\/wp212640.wpdns.ca\/fr\/accueil\/\",\"name\":\"Les Citadins Natation\",\"description\":\"Atteindre l&#039;excellence, une longueur \u00e0 la fois !\",\"publisher\":{\"@id\":\"https:\/\/wp212640.wpdns.ca\/fr\/accueil\/#organization\"},\"potentialAction\":[{\"@type\":\"SearchAction\",\"target\":{\"@type\":\"EntryPoint\",\"urlTemplate\":\"https:\/\/wp212640.wpdns.ca\/fr\/accueil\/?s={search_term_string}\"},\"query-input\":{\"@type\":\"PropertyValueSpecification\",\"valueRequired\":true,\"valueName\":\"search_term_string\"}}],\"inLanguage\":\"en-CA\"},{\"@type\":\"Organization\",\"@id\":\"https:\/\/wp212640.wpdns.ca\/fr\/accueil\/#organization\",\"name\":\"Les Citadins Natation\",\"url\":\"https:\/\/wp212640.wpdns.ca\/fr\/accueil\/\",\"logo\":{\"@type\":\"ImageObject\",\"inLanguage\":\"en-CA\",\"@id\":\"https:\/\/wp212640.wpdns.ca\/fr\/accueil\/#\/schema\/logo\/image\/\",\"url\":\"https:\/\/www.lescitadinsnatation.com\/wp-content\/uploads\/2025\/04\/Logo_CitadinsNatation_AvecTexte_Avril2025.png\",\"contentUrl\":\"https:\/\/www.lescitadinsnatation.com\/wp-content\/uploads\/2025\/04\/Logo_CitadinsNatation_AvecTexte_Avril2025.png\",\"width\":690,\"height\":427,\"caption\":\"Les Citadins Natation\"},\"image\":{\"@id\":\"https:\/\/wp212640.wpdns.ca\/fr\/accueil\/#\/schema\/logo\/image\/\"}}]}<\/script>\n<!-- \/ Yoast SEO plugin. -->","yoast_head_json":{"title":"B\u00e9n\u00e9volat - Les Citadins Natation","robots":{"index":"index","follow":"follow","max-snippet":"max-snippet:-1","max-image-preview":"max-image-preview:large","max-video-preview":"max-video-preview:-1"},"canonical":"https:\/\/wp212640.wpdns.ca\/fr\/benevolat\/","og_locale":"en_US","og_type":"article","og_title":"B\u00e9n\u00e9volat - Les Citadins Natation","og_description":"B\u00e9n\u00e9volat Le club de natation a toujours besoin de b\u00e9n\u00e9voles. Tenir une comp\u00e9tition, une activit\u00e9 de financement (ex. nage-o-thon) ou un \u00e9v\u00e9nement social n\u00e9cessite la contribution de plusieurs personnes. Vous avez envie de vous impliquer dans le club? Vous avez des connaissances dans un domaine en particulier ou vous d\u00e9sirez simplement offrir de votre temps &hellip; Read more \"B\u00e9n\u00e9volat\"","og_url":"https:\/\/wp212640.wpdns.ca\/fr\/benevolat\/","og_site_name":"Les Citadins Natation","article_modified_time":"2024-02-26T03:59:01+00:00","og_image":[{"url":"https:\/\/wp212640.wpdns.ca\/wp-content\/uploads\/2024\/02\/20240217_235553411_iOS-1024x576.jpg","type":"","width":"","height":""}],"twitter_misc":{"Est. reading time":"1 minute"},"schema":{"@context":"https:\/\/schema.org","@graph":[{"@type":"WebPage","@id":"https:\/\/wp212640.wpdns.ca\/fr\/benevolat\/","url":"https:\/\/wp212640.wpdns.ca\/fr\/benevolat\/","name":"B\u00e9n\u00e9volat - Les Citadins Natation","isPartOf":{"@id":"https:\/\/wp212640.wpdns.ca\/fr\/accueil\/#website"},"primaryImageOfPage":{"@id":"https:\/\/wp212640.wpdns.ca\/fr\/benevolat\/#primaryimage"},"image":{"@id":"https:\/\/wp212640.wpdns.ca\/fr\/benevolat\/#primaryimage"},"thumbnailUrl":"https:\/\/www.lescitadinsnatation.com\/wp-content\/uploads\/2024\/02\/20240217_235553411_iOS-1024x576.jpg","datePublished":"2024-01-13T21:04:16+00:00","dateModified":"2024-02-26T03:59:01+00:00","breadcrumb":{"@id":"https:\/\/wp212640.wpdns.ca\/fr\/benevolat\/#breadcrumb"},"inLanguage":"en-CA","potentialAction":[{"@type":"ReadAction","target":["https:\/\/wp212640.wpdns.ca\/fr\/benevolat\/"]}]},{"@type":"ImageObject","inLanguage":"en-CA","@id":"https:\/\/wp212640.wpdns.ca\/fr\/benevolat\/#primaryimage","url":"https:\/\/www.lescitadinsnatation.com\/wp-content\/uploads\/2024\/02\/20240217_235553411_iOS-1024x576.jpg","contentUrl":"https:\/\/www.lescitadinsnatation.com\/wp-content\/uploads\/2024\/02\/20240217_235553411_iOS-1024x576.jpg"},{"@type":"BreadcrumbList","@id":"https:\/\/wp212640.wpdns.ca\/fr\/benevolat\/#breadcrumb","itemListElement":[{"@type":"ListItem","position":1,"name":"Home","item":"https:\/\/www.lescitadinsnatation.com\/"},{"@type":"ListItem","position":2,"name":"B\u00e9n\u00e9volat"}]},{"@type":"WebSite","@id":"https:\/\/wp212640.wpdns.ca\/fr\/accueil\/#website","url":"https:\/\/wp212640.wpdns.ca\/fr\/accueil\/","name":"Les Citadins Natation","description":"Achieve excellence, one step at a time!","publisher":{"@id":"https:\/\/wp212640.wpdns.ca\/fr\/accueil\/#organization"},"potentialAction":[{"@type":"SearchAction","target":{"@type":"EntryPoint","urlTemplate":"https:\/\/wp212640.wpdns.ca\/fr\/accueil\/?s={search_term_string}"},"query-input":{"@type":"PropertyValueSpecification","valueRequired":true,"valueName":"search_term_string"}}],"inLanguage":"en-CA"},{"@type":"Organization","@id":"https:\/\/wp212640.wpdns.ca\/fr\/accueil\/#organization","name":"Les Citadins Natation","url":"https:\/\/wp212640.wpdns.ca\/fr\/accueil\/","logo":{"@type":"ImageObject","inLanguage":"en-CA","@id":"https:\/\/wp212640.wpdns.ca\/fr\/accueil\/#\/schema\/logo\/image\/","url":"https:\/\/www.lescitadinsnatation.com\/wp-content\/uploads\/2025\/04\/Logo_CitadinsNatation_AvecTexte_Avril2025.png","contentUrl":"https:\/\/www.lescitadinsnatation.com\/wp-content\/uploads\/2025\/04\/Logo_CitadinsNatation_AvecTexte_Avril2025.png","width":690,"height":427,"caption":"Les Citadins Natation"},"image":{"@id":"https:\/\/wp212640.wpdns.ca\/fr\/accueil\/#\/schema\/logo\/image\/"}}]}},"_links":{"self":[{"href":"http:\/\/www.lescitadinsnatation.com\/en\/wp-json\/wp\/v2\/pages\/695","targetHints":{"allow":["GET"]}}],"collection":[{"href":"http:\/\/www.lescitadinsnatation.com\/en\/wp-json\/wp\/v2\/pages"}],"about":[{"href":"http:\/\/www.lescitadinsnatation.com\/en\/wp-json\/wp\/v2\/types\/page"}],"author":[{"embeddable":true,"href":"http:\/\/www.lescitadinsnatation.com\/en\/wp-json\/wp\/v2\/users\/1"}],"replies":[{"embeddable":true,"href":"http:\/\/www.lescitadinsnatation.com\/en\/wp-json\/wp\/v2\/comments?post=695"}],"version-history":[{"count":27,"href":"http:\/\/www.lescitadinsnatation.com\/en\/wp-json\/wp\/v2\/pages\/695\/revisions"}],"predecessor-version":[{"id":1857,"href":"http:\/\/www.lescitadinsnatation.com\/en\/wp-json\/wp\/v2\/pages\/695\/revisions\/1857"}],"wp:attachment":[{"href":"http:\/\/www.lescitadinsnatation.com\/en\/wp-json\/wp\/v2\/media?parent=695"}],"curies":[{"name":"wp","href":"https:\/\/api.w.org\/{rel}","templated":true}]}}