{"id":733,"date":"2024-01-13T17:04:36","date_gmt":"2024-01-13T21:04:36","guid":{"rendered":"https:\/\/www.lescitadinsnatation.com\/?page_id=733"},"modified":"2026-02-18T22:12:38","modified_gmt":"2026-02-19T02:12:38","slug":"nous-joindre","status":"publish","type":"page","link":"http:\/\/www.lescitadinsnatation.com\/en\/nous-joindre\/","title":{"rendered":"Contact"},"content":{"rendered":"<div data-elementor-type=\"wp-page\" data-elementor-id=\"733\" class=\"elementor elementor-733\">\n\t\t\t\t\t\t<section class=\"elementor-section elementor-top-section elementor-element elementor-element-34c2db91 elementor-section-full_width elementor-section-height-default elementor-section-height-default\" data-id=\"34c2db91\" data-element_type=\"section\" data-settings=\"{&quot;background_background&quot;:&quot;classic&quot;,&quot;animation&quot;:&quot;none&quot;}\">\n\t\t\t\t\t\t\t<div class=\"elementor-background-overlay\"><\/div>\n\t\t\t\t\t\t\t<div class=\"elementor-container elementor-column-gap-default\">\n\t\t\t\t\t<div class=\"elementor-column elementor-col-100 elementor-top-column elementor-element elementor-element-1c4ca765\" data-id=\"1c4ca765\" data-element_type=\"column\" data-settings=\"{&quot;background_background&quot;:&quot;classic&quot;}\">\n\t\t\t<div class=\"elementor-widget-wrap elementor-element-populated\">\n\t\t\t\t\t<div class=\"elementor-background-overlay\"><\/div>\n\t\t\t\t\t\t<div class=\"elementor-element elementor-element-7f62ad7 elementor-widget__width-inherit elementor-widget elementor-widget-heading\" data-id=\"7f62ad7\" data-element_type=\"widget\" data-settings=\"{&quot;_animation&quot;:&quot;none&quot;}\" data-widget_type=\"heading.default\">\n\t\t\t\t<div class=\"elementor-widget-container\">\n\t\t\t\t\t<h1 class=\"elementor-heading-title elementor-size-default\">Contact<\/h1>\t\t\t\t<\/div>\n\t\t\t\t<\/div>\n\t\t\t\t\t<\/div>\n\t\t<\/div>\n\t\t\t\t\t<\/div>\n\t\t<\/section>\n\t\t<div class=\"elementor-element elementor-element-8e8a648 e-con-full e-flex e-con e-parent\" data-id=\"8e8a648\" data-element_type=\"container\" data-settings=\"{&quot;background_background&quot;:&quot;classic&quot;}\">\n\t\t<div class=\"elementor-element elementor-element-66df266 e-con-full e-flex e-con e-child\" data-id=\"66df266\" data-element_type=\"container\" data-settings=\"{&quot;background_background&quot;:&quot;classic&quot;}\">\n\t\t\t\t<div class=\"elementor-element elementor-element-996d3e5 elementor-widget elementor-widget-heading\" data-id=\"996d3e5\" data-element_type=\"widget\" data-widget_type=\"heading.default\">\n\t\t\t\t<div class=\"elementor-widget-container\">\n\t\t\t\t\t<h3 class=\"elementor-heading-title elementor-size-default\">Social networks<\/h3>\t\t\t\t<\/div>\n\t\t\t\t<\/div>\n\t\t\t\t<div class=\"elementor-element elementor-element-9be1273 elementor-shape-circle elementor-grid-1 e-grid-align-left elementor-widget elementor-widget-social-icons\" data-id=\"9be1273\" data-element_type=\"widget\" data-widget_type=\"social-icons.default\">\n\t\t\t\t<div class=\"elementor-widget-container\">\n\t\t\t\t\t\t\t<div class=\"elementor-social-icons-wrapper elementor-grid\">\n\t\t\t\t\t\t\t<span class=\"elementor-grid-item\">\n\t\t\t\t\t<a class=\"elementor-icon elementor-social-icon elementor-social-icon-facebook elementor-repeater-item-9abcec4\" href=\"https:\/\/www.facebook.com\/profile.php?id=100083388006667\" target=\"_blank\">\n\t\t\t\t\t\t<span class=\"elementor-screen-only\">Facebook<\/span>\n\t\t\t\t\t\t<i aria-hidden=\"true\" class=\"fab fa-facebook\"><\/i>\t\t\t\t\t<\/a>\n\t\t\t\t<\/span>\n\t\t\t\t\t<\/div>\n\t\t\t\t\t\t<\/div>\n\t\t\t\t<\/div>\n\t\t\t\t<div class=\"elementor-element elementor-element-ffa266c elementor-widget elementor-widget-heading\" data-id=\"ffa266c\" data-element_type=\"widget\" data-widget_type=\"heading.default\">\n\t\t\t\t<div class=\"elementor-widget-container\">\n\t\t\t\t\t<h3 class=\"elementor-heading-title elementor-size-default\">To contact us<\/h3>\t\t\t\t<\/div>\n\t\t\t\t<\/div>\n\t\t<div class=\"elementor-element elementor-element-6036020 e-con-full e-flex e-con e-child\" data-id=\"6036020\" data-element_type=\"container\">\n\t\t<div class=\"elementor-element elementor-element-c7b34e1 e-con-full e-flex e-con e-child\" data-id=\"c7b34e1\" data-element_type=\"container\">\n\t\t<div class=\"elementor-element elementor-element-e9309c9 e-con-full e-flex e-con e-child\" data-id=\"e9309c9\" data-element_type=\"container\">\n\t\t\t\t<div class=\"elementor-element elementor-element-5085437 elementor-view-default elementor-widget elementor-widget-icon\" data-id=\"5085437\" data-element_type=\"widget\" data-widget_type=\"icon.default\">\n\t\t\t\t<div class=\"elementor-widget-container\">\n\t\t\t\t\t\t\t<div class=\"elementor-icon-wrapper\">\n\t\t\t<div class=\"elementor-icon\">\n\t\t\t<i aria-hidden=\"true\" class=\"far fa-envelope\"><\/i>\t\t\t<\/div>\n\t\t<\/div>\n\t\t\t\t\t\t<\/div>\n\t\t\t\t<\/div>\n\t\t\t\t<\/div>\n\t\t<div class=\"elementor-element elementor-element-24b04b5 e-con-full e-flex e-con e-child\" data-id=\"24b04b5\" data-element_type=\"container\">\n\t\t<div class=\"elementor-element elementor-element-0d73169 e-con-full e-flex e-con e-child\" data-id=\"0d73169\" data-element_type=\"container\" data-settings=\"{&quot;background_background&quot;:&quot;classic&quot;}\">\n\t\t<div class=\"elementor-element elementor-element-433d763 e-con-full e-flex e-con e-child\" data-id=\"433d763\" data-element_type=\"container\" data-settings=\"{&quot;background_background&quot;:&quot;classic&quot;}\">\n\t\t\t\t<div class=\"elementor-element elementor-element-6bceec0 elementor-widget elementor-widget-text-editor\" data-id=\"6bceec0\" data-element_type=\"widget\" data-widget_type=\"text-editor.default\">\n\t\t\t\t<div class=\"elementor-widget-container\">\n\t\t\t\t\t\t\t\t\t<p>General<\/p>\t\t\t\t\t\t\t\t<\/div>\n\t\t\t\t<\/div>\n\t\t\t\t<\/div>\n\t\t<div class=\"elementor-element elementor-element-e116711 e-con-full e-flex e-con e-child\" data-id=\"e116711\" data-element_type=\"container\" data-settings=\"{&quot;background_background&quot;:&quot;classic&quot;}\">\n\t\t\t\t<div class=\"elementor-element elementor-element-bcf3645 elementor-widget__width-initial elementor-widget elementor-widget-text-editor\" data-id=\"bcf3645\" data-element_type=\"widget\" data-widget_type=\"text-editor.default\">\n\t\t\t\t<div class=\"elementor-widget-container\">\n\t\t\t\t\t\t\t\t\t<p><a href=\"mailto:info@lescitadinsnatation.com\">info@lescitadinsnatation.com<\/a><\/p>\t\t\t\t\t\t\t\t<\/div>\n\t\t\t\t<\/div>\n\t\t\t\t<\/div>\n\t\t\t\t<\/div>\n\t\t<div class=\"elementor-element elementor-element-736c3d5 e-con-full e-flex e-con e-child\" data-id=\"736c3d5\" data-element_type=\"container\" data-settings=\"{&quot;background_background&quot;:&quot;classic&quot;}\">\n\t\t<div class=\"elementor-element elementor-element-786cef0 e-con-full e-flex e-con e-child\" data-id=\"786cef0\" data-element_type=\"container\" data-settings=\"{&quot;background_background&quot;:&quot;classic&quot;}\">\n\t\t\t\t<div class=\"elementor-element elementor-element-9123910 elementor-widget elementor-widget-text-editor\" data-id=\"9123910\" data-element_type=\"widget\" data-widget_type=\"text-editor.default\">\n\t\t\t\t<div class=\"elementor-widget-container\">\n\t\t\t\t\t\t\t\t\t<p class=\"elementor-heading-title elementor-size-default\">Head coach<\/p><p class=\"elementor-heading-title elementor-size-default\">Performance and advanced groups<\/p>\t\t\t\t\t\t\t\t<\/div>\n\t\t\t\t<\/div>\n\t\t\t\t<\/div>\n\t\t<div class=\"elementor-element elementor-element-0340442 e-con-full e-flex e-con e-child\" data-id=\"0340442\" data-element_type=\"container\" data-settings=\"{&quot;background_background&quot;:&quot;classic&quot;}\">\n\t\t\t\t<div class=\"elementor-element elementor-element-091e38c elementor-widget elementor-widget-text-editor\" data-id=\"091e38c\" data-element_type=\"widget\" data-widget_type=\"text-editor.default\">\n\t\t\t\t<div class=\"elementor-widget-container\">\n\t\t\t\t\t\t\t\t\t<p><a href=\"mailto:entraineur-chef@lescitadinsnatation.com\">entraineur-chef@lescitadinsnatation.com<\/a><\/p>\t\t\t\t\t\t\t\t<\/div>\n\t\t\t\t<\/div>\n\t\t\t\t<\/div>\n\t\t\t\t<\/div>\n\t\t<div class=\"elementor-element elementor-element-7b6bb99 e-con-full e-flex e-con e-child\" data-id=\"7b6bb99\" data-element_type=\"container\" data-settings=\"{&quot;background_background&quot;:&quot;classic&quot;}\">\n\t\t<div class=\"elementor-element elementor-element-524bc6f e-con-full e-flex e-con e-child\" data-id=\"524bc6f\" data-element_type=\"container\" data-settings=\"{&quot;background_background&quot;:&quot;classic&quot;}\">\n\t\t\t\t<div class=\"elementor-element elementor-element-04a21a6 elementor-widget elementor-widget-text-editor\" data-id=\"04a21a6\" data-element_type=\"widget\" data-widget_type=\"text-editor.default\">\n\t\t\t\t<div class=\"elementor-widget-container\">\n\t\t\t\t\t\t\t\t\t<p class=\"elementor-heading-title elementor-size-default\">Assistant Head Coach<\/p><p class=\"elementor-heading-title elementor-size-default\">Group of masters, School and Civil<\/p>\t\t\t\t\t\t\t\t<\/div>\n\t\t\t\t<\/div>\n\t\t\t\t<\/div>\n\t\t<div class=\"elementor-element elementor-element-c18a33d e-con-full e-flex e-con e-child\" data-id=\"c18a33d\" data-element_type=\"container\" data-settings=\"{&quot;background_background&quot;:&quot;classic&quot;}\">\n\t\t\t\t<div class=\"elementor-element elementor-element-b115380 elementor-widget elementor-widget-text-editor\" data-id=\"b115380\" data-element_type=\"widget\" data-widget_type=\"text-editor.default\">\n\t\t\t\t<div class=\"elementor-widget-container\">\n\t\t\t\t\t\t\t\t\t<p><a href=\"mailto:maitres_scolaire@lescitadinsnatation.com\">maitres_scolaire@lescitadinsnatation.com<\/a><\/p>\t\t\t\t\t\t\t\t<\/div>\n\t\t\t\t<\/div>\n\t\t\t\t<\/div>\n\t\t\t\t<\/div>\n\t\t<div class=\"elementor-element elementor-element-63cd4e9 e-con-full e-flex e-con e-child\" data-id=\"63cd4e9\" data-element_type=\"container\" data-settings=\"{&quot;background_background&quot;:&quot;classic&quot;}\">\n\t\t<div class=\"elementor-element elementor-element-5de6f6b e-con-full e-flex e-con e-child\" data-id=\"5de6f6b\" data-element_type=\"container\" data-settings=\"{&quot;background_background&quot;:&quot;classic&quot;}\">\n\t\t\t\t<div class=\"elementor-element elementor-element-68b6c2a elementor-widget elementor-widget-text-editor\" data-id=\"68b6c2a\" data-element_type=\"widget\" data-widget_type=\"text-editor.default\">\n\t\t\t\t<div class=\"elementor-widget-container\">\n\t\t\t\t\t\t\t\t\t<p>Mini-Citadins Groups<\/p>\t\t\t\t\t\t\t\t<\/div>\n\t\t\t\t<\/div>\n\t\t\t\t<\/div>\n\t\t<div class=\"elementor-element elementor-element-61ac1ac e-con-full e-flex e-con e-child\" data-id=\"61ac1ac\" data-element_type=\"container\" data-settings=\"{&quot;background_background&quot;:&quot;classic&quot;}\">\n\t\t\t\t<div class=\"elementor-element elementor-element-3eb2a38 elementor-widget elementor-widget-text-editor\" data-id=\"3eb2a38\" data-element_type=\"widget\" data-widget_type=\"text-editor.default\">\n\t\t\t\t<div class=\"elementor-widget-container\">\n\t\t\t\t\t\t\t\t\t<p><a href=\"mailto:mini-citadins@lescitadinsnatation.com\">mini-citadins@lescitadinsnatation.com<\/a><\/p>\t\t\t\t\t\t\t\t<\/div>\n\t\t\t\t<\/div>\n\t\t\t\t<\/div>\n\t\t\t\t<\/div>\n\t\t\t\t<\/div>\n\t\t\t\t<\/div>\n\t\t\t\t<\/div>\n\t\t<div class=\"elementor-element elementor-element-9ea38ff e-con-full e-flex e-con e-child\" data-id=\"9ea38ff\" data-element_type=\"container\">\n\t\t<div class=\"elementor-element elementor-element-cf14e25 e-con-full e-flex e-con e-child\" data-id=\"cf14e25\" data-element_type=\"container\">\n\t\t<div class=\"elementor-element elementor-element-e855914 e-con-full e-flex e-con e-child\" data-id=\"e855914\" data-element_type=\"container\">\n\t\t\t\t<div class=\"elementor-element elementor-element-e310295 elementor-view-default elementor-widget elementor-widget-icon\" data-id=\"e310295\" data-element_type=\"widget\" data-widget_type=\"icon.default\">\n\t\t\t\t<div class=\"elementor-widget-container\">\n\t\t\t\t\t\t\t<div class=\"elementor-icon-wrapper\">\n\t\t\t<div class=\"elementor-icon\">\n\t\t\t<i aria-hidden=\"true\" class=\"fas fa-home\"><\/i>\t\t\t<\/div>\n\t\t<\/div>\n\t\t\t\t\t\t<\/div>\n\t\t\t\t<\/div>\n\t\t\t\t<\/div>\n\t\t<div class=\"elementor-element elementor-element-91d8996 e-con-full e-flex e-con e-child\" data-id=\"91d8996\" data-element_type=\"container\">\n\t\t\t\t<div class=\"elementor-element elementor-element-242114f elementor-widget elementor-widget-heading\" data-id=\"242114f\" data-element_type=\"widget\" data-widget_type=\"heading.default\">\n\t\t\t\t<div class=\"elementor-widget-container\">\n\t\t\t\t\t<h3 class=\"elementor-heading-title elementor-size-medium\"><span style=\"font-size: 16px;font-weight: 400\">Piscine de la Cit\u00e9-des-Jeunes (pavillon J)<\/span><\/h3>\t\t\t\t<\/div>\n\t\t\t\t<\/div>\n\t\t\t\t<div class=\"elementor-element elementor-element-726d079 elementor-widget elementor-widget-text-editor\" data-id=\"726d079\" data-element_type=\"widget\" data-widget_type=\"text-editor.default\">\n\t\t\t\t<div class=\"elementor-widget-container\">\n\t\t\t\t\t\t\t\t\t<p>2580, chemin Paul-G\u00e9rin-Lajoie, Vaudreuil-Dorion, Qu\u00e9bec<\/p>\t\t\t\t\t\t\t\t<\/div>\n\t\t\t\t<\/div>\n\t\t\t\t<div class=\"elementor-element elementor-element-919d0e9 elementor-widget elementor-widget-google_maps\" data-id=\"919d0e9\" data-element_type=\"widget\" data-widget_type=\"google_maps.default\">\n\t\t\t\t<div class=\"elementor-widget-container\">\n\t\t\t\t\t\t\t<div class=\"elementor-custom-embed\">\n\t\t\t<iframe loading=\"lazy\"\n\t\t\t\t\tsrc=\"https:\/\/maps.google.com\/maps?q=2580%2C%20chemin%20Paul-G%C3%A9rin-Lajoie%2C%20Vaudreuil-Dorion%2C%20Qu%C3%A9bec%2C%20Piscine%20de%20la%20Cit%C3%A9-des-Jeunes%20%28pavillon%20J%29&#038;t=m&#038;z=15&#038;output=embed&#038;iwloc=near\"\n\t\t\t\t\ttitle=\"2580, chemin Paul-G\u00e9rin-Lajoie, Vaudreuil-Dorion, Qu\u00e9bec, Piscine de la Cit\u00e9-des-Jeunes (pavillon J)\"\n\t\t\t\t\taria-label=\"2580, chemin Paul-G\u00e9rin-Lajoie, Vaudreuil-Dorion, Qu\u00e9bec, Piscine de la Cit\u00e9-des-Jeunes (pavillon J)\"\n\t\t\t><\/iframe>\n\t\t<\/div>\n\t\t\t\t\t\t<\/div>\n\t\t\t\t<\/div>\n\t\t\t\t<\/div>\n\t\t\t\t<\/div>\n\t\t\t\t<\/div>\n\t\t\t\t<\/div>\n\t\t\t\t<\/div>\n\t\t\t\t<\/div>","protected":false},"excerpt":{"rendered":"<p>Nous joindre R\u00e9seaux sociaux Facebook Pour nous contacter G\u00e9n\u00e9ral info@lescitadinsnatation.com Entra\u00eeneur-chef Groupes performance et avanc\u00e9s entraineur-chef@lescitadinsnatation.com Entra\u00eeneur-chef adjoint Groupes des ma\u00eetres, scolaire et civils maitres_scolaire@lescitadinsnatation.com Groupes Mini-Citadins mini-citadins@lescitadinsnatation.com Piscine de la Cit\u00e9-des-Jeunes (pavillon J) 2580, chemin Paul-G\u00e9rin-Lajoie, Vaudreuil-Dorion, Qu\u00e9bec<\/p>","protected":false},"author":1,"featured_media":0,"parent":0,"menu_order":0,"comment_status":"closed","ping_status":"closed","template":"page-templates\/full-width-transparent.php","meta":{"footnotes":""},"class_list":["post-733","page","type-page","status-publish","hentry"],"yoast_head":"<!-- This site is optimized with the Yoast SEO plugin v26.3 - https:\/\/yoast.com\/wordpress\/plugins\/seo\/ -->\n<title>Nous joindre - Les Citadins Natation<\/title>\n<meta name=\"robots\" content=\"index, follow, max-snippet:-1, max-image-preview:large, max-video-preview:-1\" \/>\n<link rel=\"canonical\" href=\"https:\/\/www.lescitadinsnatation.com\/en\/nous-joindre\/\" \/>\n<meta property=\"og:locale\" content=\"en_US\" \/>\n<meta property=\"og:type\" content=\"article\" \/>\n<meta property=\"og:title\" content=\"Nous joindre - Les Citadins Natation\" \/>\n<meta property=\"og:description\" content=\"Nous joindre R\u00e9seaux sociaux Facebook Pour nous contacter G\u00e9n\u00e9ral info@lescitadinsnatation.com Entra\u00eeneur-chef Groupes performance et avanc\u00e9s entraineur-chef@lescitadinsnatation.com Entra\u00eeneur-chef adjoint Groupes des ma\u00eetres, scolaire et civils maitres_scolaire@lescitadinsnatation.com Groupes Mini-Citadins mini-citadins@lescitadinsnatation.com Piscine de la Cit\u00e9-des-Jeunes (pavillon J) 2580, chemin Paul-G\u00e9rin-Lajoie, Vaudreuil-Dorion, Qu\u00e9bec\" \/>\n<meta property=\"og:url\" content=\"https:\/\/www.lescitadinsnatation.com\/en\/nous-joindre\/\" \/>\n<meta property=\"og:site_name\" content=\"Les Citadins Natation\" \/>\n<meta property=\"article:modified_time\" content=\"2026-02-19T02:12:38+00:00\" \/>\n<meta name=\"twitter:label1\" content=\"Est. reading time\" \/>\n\t<meta name=\"twitter:data1\" content=\"1 minute\" \/>\n<script type=\"application\/ld+json\" class=\"yoast-schema-graph\">{\"@context\":\"https:\/\/schema.org\",\"@graph\":[{\"@type\":\"WebPage\",\"@id\":\"https:\/\/www.lescitadinsnatation.com\/nous-joindre\/\",\"url\":\"https:\/\/www.lescitadinsnatation.com\/nous-joindre\/\",\"name\":\"Nous joindre - Les Citadins Natation\",\"isPartOf\":{\"@id\":\"https:\/\/wp212640.wpdns.ca\/fr\/accueil\/#website\"},\"datePublished\":\"2024-01-13T21:04:36+00:00\",\"dateModified\":\"2026-02-19T02:12:38+00:00\",\"breadcrumb\":{\"@id\":\"https:\/\/www.lescitadinsnatation.com\/nous-joindre\/#breadcrumb\"},\"inLanguage\":\"en-CA\",\"potentialAction\":[{\"@type\":\"ReadAction\",\"target\":[\"https:\/\/www.lescitadinsnatation.com\/nous-joindre\/\"]}]},{\"@type\":\"BreadcrumbList\",\"@id\":\"https:\/\/www.lescitadinsnatation.com\/nous-joindre\/#breadcrumb\",\"itemListElement\":[{\"@type\":\"ListItem\",\"position\":1,\"name\":\"Home\",\"item\":\"https:\/\/www.lescitadinsnatation.com\/\"},{\"@type\":\"ListItem\",\"position\":2,\"name\":\"Nous joindre\"}]},{\"@type\":\"WebSite\",\"@id\":\"https:\/\/wp212640.wpdns.ca\/fr\/accueil\/#website\",\"url\":\"https:\/\/wp212640.wpdns.ca\/fr\/accueil\/\",\"name\":\"Les Citadins Natation\",\"description\":\"Atteindre l&#039;excellence, une longueur \u00e0 la fois !\",\"publisher\":{\"@id\":\"https:\/\/wp212640.wpdns.ca\/fr\/accueil\/#organization\"},\"potentialAction\":[{\"@type\":\"SearchAction\",\"target\":{\"@type\":\"EntryPoint\",\"urlTemplate\":\"https:\/\/wp212640.wpdns.ca\/fr\/accueil\/?s={search_term_string}\"},\"query-input\":{\"@type\":\"PropertyValueSpecification\",\"valueRequired\":true,\"valueName\":\"search_term_string\"}}],\"inLanguage\":\"en-CA\"},{\"@type\":\"Organization\",\"@id\":\"https:\/\/wp212640.wpdns.ca\/fr\/accueil\/#organization\",\"name\":\"Les Citadins Natation\",\"url\":\"https:\/\/wp212640.wpdns.ca\/fr\/accueil\/\",\"logo\":{\"@type\":\"ImageObject\",\"inLanguage\":\"en-CA\",\"@id\":\"https:\/\/wp212640.wpdns.ca\/fr\/accueil\/#\/schema\/logo\/image\/\",\"url\":\"https:\/\/www.lescitadinsnatation.com\/wp-content\/uploads\/2025\/04\/Logo_CitadinsNatation_AvecTexte_Avril2025.png\",\"contentUrl\":\"https:\/\/www.lescitadinsnatation.com\/wp-content\/uploads\/2025\/04\/Logo_CitadinsNatation_AvecTexte_Avril2025.png\",\"width\":690,\"height\":427,\"caption\":\"Les Citadins Natation\"},\"image\":{\"@id\":\"https:\/\/wp212640.wpdns.ca\/fr\/accueil\/#\/schema\/logo\/image\/\"}}]}<\/script>\n<!-- \/ Yoast SEO plugin. -->","yoast_head_json":{"title":"Nous joindre - Les Citadins Natation","robots":{"index":"index","follow":"follow","max-snippet":"max-snippet:-1","max-image-preview":"max-image-preview:large","max-video-preview":"max-video-preview:-1"},"canonical":"https:\/\/www.lescitadinsnatation.com\/en\/nous-joindre\/","og_locale":"en_US","og_type":"article","og_title":"Nous joindre - Les Citadins Natation","og_description":"Nous joindre R\u00e9seaux sociaux Facebook Pour nous contacter G\u00e9n\u00e9ral info@lescitadinsnatation.com Entra\u00eeneur-chef Groupes performance et avanc\u00e9s entraineur-chef@lescitadinsnatation.com Entra\u00eeneur-chef adjoint Groupes des ma\u00eetres, scolaire et civils maitres_scolaire@lescitadinsnatation.com Groupes Mini-Citadins mini-citadins@lescitadinsnatation.com Piscine de la Cit\u00e9-des-Jeunes (pavillon J) 2580, chemin Paul-G\u00e9rin-Lajoie, Vaudreuil-Dorion, Qu\u00e9bec","og_url":"https:\/\/www.lescitadinsnatation.com\/en\/nous-joindre\/","og_site_name":"Les Citadins Natation","article_modified_time":"2026-02-19T02:12:38+00:00","twitter_misc":{"Est. reading time":"1 minute"},"schema":{"@context":"https:\/\/schema.org","@graph":[{"@type":"WebPage","@id":"https:\/\/www.lescitadinsnatation.com\/nous-joindre\/","url":"https:\/\/www.lescitadinsnatation.com\/nous-joindre\/","name":"Nous joindre - Les Citadins Natation","isPartOf":{"@id":"https:\/\/wp212640.wpdns.ca\/fr\/accueil\/#website"},"datePublished":"2024-01-13T21:04:36+00:00","dateModified":"2026-02-19T02:12:38+00:00","breadcrumb":{"@id":"https:\/\/www.lescitadinsnatation.com\/nous-joindre\/#breadcrumb"},"inLanguage":"en-CA","potentialAction":[{"@type":"ReadAction","target":["https:\/\/www.lescitadinsnatation.com\/nous-joindre\/"]}]},{"@type":"BreadcrumbList","@id":"https:\/\/www.lescitadinsnatation.com\/nous-joindre\/#breadcrumb","itemListElement":[{"@type":"ListItem","position":1,"name":"Home","item":"https:\/\/www.lescitadinsnatation.com\/"},{"@type":"ListItem","position":2,"name":"Nous joindre"}]},{"@type":"WebSite","@id":"https:\/\/wp212640.wpdns.ca\/fr\/accueil\/#website","url":"https:\/\/wp212640.wpdns.ca\/fr\/accueil\/","name":"Les Citadins Natation","description":"Achieve excellence, one step at a time!","publisher":{"@id":"https:\/\/wp212640.wpdns.ca\/fr\/accueil\/#organization"},"potentialAction":[{"@type":"SearchAction","target":{"@type":"EntryPoint","urlTemplate":"https:\/\/wp212640.wpdns.ca\/fr\/accueil\/?s={search_term_string}"},"query-input":{"@type":"PropertyValueSpecification","valueRequired":true,"valueName":"search_term_string"}}],"inLanguage":"en-CA"},{"@type":"Organization","@id":"https:\/\/wp212640.wpdns.ca\/fr\/accueil\/#organization","name":"Les Citadins Natation","url":"https:\/\/wp212640.wpdns.ca\/fr\/accueil\/","logo":{"@type":"ImageObject","inLanguage":"en-CA","@id":"https:\/\/wp212640.wpdns.ca\/fr\/accueil\/#\/schema\/logo\/image\/","url":"https:\/\/www.lescitadinsnatation.com\/wp-content\/uploads\/2025\/04\/Logo_CitadinsNatation_AvecTexte_Avril2025.png","contentUrl":"https:\/\/www.lescitadinsnatation.com\/wp-content\/uploads\/2025\/04\/Logo_CitadinsNatation_AvecTexte_Avril2025.png","width":690,"height":427,"caption":"Les Citadins Natation"},"image":{"@id":"https:\/\/wp212640.wpdns.ca\/fr\/accueil\/#\/schema\/logo\/image\/"}}]}},"_links":{"self":[{"href":"http:\/\/www.lescitadinsnatation.com\/en\/wp-json\/wp\/v2\/pages\/733","targetHints":{"allow":["GET"]}}],"collection":[{"href":"http:\/\/www.lescitadinsnatation.com\/en\/wp-json\/wp\/v2\/pages"}],"about":[{"href":"http:\/\/www.lescitadinsnatation.com\/en\/wp-json\/wp\/v2\/types\/page"}],"author":[{"embeddable":true,"href":"http:\/\/www.lescitadinsnatation.com\/en\/wp-json\/wp\/v2\/users\/1"}],"replies":[{"embeddable":true,"href":"http:\/\/www.lescitadinsnatation.com\/en\/wp-json\/wp\/v2\/comments?post=733"}],"version-history":[{"count":133,"href":"http:\/\/www.lescitadinsnatation.com\/en\/wp-json\/wp\/v2\/pages\/733\/revisions"}],"predecessor-version":[{"id":4189,"href":"http:\/\/www.lescitadinsnatation.com\/en\/wp-json\/wp\/v2\/pages\/733\/revisions\/4189"}],"wp:attachment":[{"href":"http:\/\/www.lescitadinsnatation.com\/en\/wp-json\/wp\/v2\/media?parent=733"}],"curies":[{"name":"wp","href":"https:\/\/api.w.org\/{rel}","templated":true}]}}