{"id":2467,"date":"2024-04-06T11:35:06","date_gmt":"2024-04-06T15:35:06","guid":{"rendered":"https:\/\/www.lescitadinsnatation.com\/?page_id=2467"},"modified":"2024-10-07T21:16:09","modified_gmt":"2024-10-08T01:16:09","slug":"liens","status":"publish","type":"page","link":"https:\/\/www.lescitadinsnatation.com\/en\/liens\/","title":{"rendered":"Links"},"content":{"rendered":"<div data-elementor-type=\"wp-page\" data-elementor-id=\"2467\" class=\"elementor elementor-2467\">\n\t\t\t\t\t\t<section class=\"elementor-section elementor-top-section elementor-element elementor-element-538a1fac elementor-section-full_width elementor-section-height-default elementor-section-height-default\" data-id=\"538a1fac\" data-element_type=\"section\" data-settings=\"{&quot;background_background&quot;:&quot;classic&quot;,&quot;animation&quot;:&quot;none&quot;}\">\n\t\t\t\t\t\t\t<div class=\"elementor-background-overlay\"><\/div>\n\t\t\t\t\t\t\t<div class=\"elementor-container elementor-column-gap-default\">\n\t\t\t\t\t<div class=\"elementor-column elementor-col-100 elementor-top-column elementor-element elementor-element-498ae74c\" data-id=\"498ae74c\" data-element_type=\"column\" data-settings=\"{&quot;background_background&quot;:&quot;classic&quot;}\">\n\t\t\t<div class=\"elementor-widget-wrap elementor-element-populated\">\n\t\t\t\t\t<div class=\"elementor-background-overlay\"><\/div>\n\t\t\t\t\t\t<div class=\"elementor-element elementor-element-5b2b3661 elementor-widget__width-inherit elementor-widget elementor-widget-heading\" data-id=\"5b2b3661\" data-element_type=\"widget\" data-settings=\"{&quot;_animation&quot;:&quot;none&quot;}\" data-widget_type=\"heading.default\">\n\t\t\t\t<div class=\"elementor-widget-container\">\n\t\t\t\t\t<h1 class=\"elementor-heading-title elementor-size-default\">Links<\/h1>\t\t\t\t<\/div>\n\t\t\t\t<\/div>\n\t\t\t\t\t<\/div>\n\t\t<\/div>\n\t\t\t\t\t<\/div>\n\t\t<\/section>\n\t\t<div class=\"elementor-element elementor-element-41bd5da e-con-full e-flex e-con e-parent\" data-id=\"41bd5da\" data-element_type=\"container\" data-settings=\"{&quot;background_background&quot;:&quot;gradient&quot;}\">\n\t\t<div class=\"elementor-element elementor-element-ebbd795 e-con-full e-flex e-con e-child\" data-id=\"ebbd795\" data-element_type=\"container\" data-settings=\"{&quot;background_background&quot;:&quot;classic&quot;}\">\n\t\t<div class=\"elementor-element elementor-element-85f88ec e-con-full e-flex e-con e-child\" data-id=\"85f88ec\" data-element_type=\"container\">\n\t\t\t\t<div class=\"elementor-element elementor-element-1432247 elementor-widget elementor-widget-image\" data-id=\"1432247\" data-element_type=\"widget\" data-widget_type=\"image.default\">\n\t\t\t\t<div class=\"elementor-widget-container\">\n\t\t\t\t\t\t\t\t\t\t\t\t\t\t\t\t<a href=\"http:\/\/www.fnq.ca\" target=\"_blank\">\n\t\t\t\t\t\t\t<img fetchpriority=\"high\" decoding=\"async\" width=\"250\" height=\"250\" src=\"https:\/\/www.lescitadinsnatation.com\/wp-content\/uploads\/2024\/04\/FNQ.jpg\" class=\"attachment-large size-large wp-image-2472\" alt=\"\" srcset=\"https:\/\/www.lescitadinsnatation.com\/wp-content\/uploads\/2024\/04\/FNQ.jpg 250w, https:\/\/www.lescitadinsnatation.com\/wp-content\/uploads\/2024\/04\/FNQ-150x150.jpg 150w, https:\/\/www.lescitadinsnatation.com\/wp-content\/uploads\/2024\/04\/FNQ-12x12.jpg 12w\" sizes=\"100vw\" \/>\t\t\t\t\t\t\t\t<\/a>\n\t\t\t\t\t\t\t\t\t\t\t\t\t\t\t<\/div>\n\t\t\t\t<\/div>\n\t\t\t\t<\/div>\n\t\t<div class=\"elementor-element elementor-element-527ad43 e-con-full e-flex e-con e-child\" data-id=\"527ad43\" data-element_type=\"container\" data-settings=\"{&quot;background_background&quot;:&quot;classic&quot;}\">\n\t\t\t\t<div class=\"elementor-element elementor-element-d798ab0 elementor-widget elementor-widget-heading\" data-id=\"d798ab0\" data-element_type=\"widget\" data-widget_type=\"heading.default\">\n\t\t\t\t<div class=\"elementor-widget-container\">\n\t\t\t\t\t<h1 class=\"elementor-heading-title elementor-size-default\"><a href=\"http:\/\/www.fnq.ca\" target=\"_blank\">F\u00e9d\u00e9ration de natation du Qu\u00e9bec (FNQ)<\/a><\/h1>\t\t\t\t<\/div>\n\t\t\t\t<\/div>\n\t\t\t\t<div class=\"elementor-element elementor-element-a0c9ece elementor-widget elementor-widget-text-editor\" data-id=\"a0c9ece\" data-element_type=\"widget\" data-widget_type=\"text-editor.default\">\n\t\t\t\t<div class=\"elementor-widget-container\">\n\t\t\t\t\t\t\t\t\t<p>The Quebec Swimming Federation (FNQ) is the leader in the development of swimming in Quebec and is an organization dedicated to the promotion and\u00a0development of the sport of swimming.<\/p>\t\t\t\t\t\t\t\t<\/div>\n\t\t\t\t<\/div>\n\t\t\t\t<\/div>\n\t\t\t\t<\/div>\n\t\t<div class=\"elementor-element elementor-element-5bb6acc e-con-full e-flex e-con e-child\" data-id=\"5bb6acc\" data-element_type=\"container\" data-settings=\"{&quot;background_background&quot;:&quot;classic&quot;}\">\n\t\t<div class=\"elementor-element elementor-element-b2edb8f e-con-full e-flex e-con e-child\" data-id=\"b2edb8f\" data-element_type=\"container\">\n\t\t\t\t<div class=\"elementor-element elementor-element-982c293 elementor-widget elementor-widget-image\" data-id=\"982c293\" data-element_type=\"widget\" data-widget_type=\"image.default\">\n\t\t\t\t<div class=\"elementor-widget-container\">\n\t\t\t\t\t\t\t\t\t\t\t\t\t\t\t\t<a href=\"\/en\/www.swimming.ca\/en\/\" target=\"_blank\">\n\t\t\t\t\t\t\t<img decoding=\"async\" width=\"327\" height=\"154\" src=\"https:\/\/www.lescitadinsnatation.com\/wp-content\/uploads\/2024\/04\/NatationCanada.png\" class=\"attachment-large size-large wp-image-2473\" alt=\"\" srcset=\"https:\/\/www.lescitadinsnatation.com\/wp-content\/uploads\/2024\/04\/NatationCanada.png 327w, https:\/\/www.lescitadinsnatation.com\/wp-content\/uploads\/2024\/04\/NatationCanada-300x141.png 300w, https:\/\/www.lescitadinsnatation.com\/wp-content\/uploads\/2024\/04\/NatationCanada-18x8.png 18w\" sizes=\"100vw\" \/>\t\t\t\t\t\t\t\t<\/a>\n\t\t\t\t\t\t\t\t\t\t\t\t\t\t\t<\/div>\n\t\t\t\t<\/div>\n\t\t\t\t<\/div>\n\t\t<div class=\"elementor-element elementor-element-0f7ba39 e-con-full e-flex e-con e-child\" data-id=\"0f7ba39\" data-element_type=\"container\" data-settings=\"{&quot;background_background&quot;:&quot;classic&quot;}\">\n\t\t\t\t<div class=\"elementor-element elementor-element-6771a3e elementor-widget elementor-widget-heading\" data-id=\"6771a3e\" data-element_type=\"widget\" data-widget_type=\"heading.default\">\n\t\t\t\t<div class=\"elementor-widget-container\">\n\t\t\t\t\t<h1 class=\"elementor-heading-title elementor-size-default\"><a href=\"\/en\/www.swimming.ca\/en\/\" target=\"_blank\">Swimming Canada<\/a><\/h1>\t\t\t\t<\/div>\n\t\t\t\t<\/div>\n\t\t\t\t<div class=\"elementor-element elementor-element-7fe47c2 elementor-widget elementor-widget-text-editor\" data-id=\"7fe47c2\" data-element_type=\"widget\" data-widget_type=\"text-editor.default\">\n\t\t\t\t<div class=\"elementor-widget-container\">\n\t\t\t\t\t\t\t\t\t<p>Swimming Canada serves as the governing body for competitive swimming in the country. She inspires Canadians through her world-class performances to adopt a healthy lifestyle through swimming, sport, fitness and health.<\/p>\t\t\t\t\t\t\t\t<\/div>\n\t\t\t\t<\/div>\n\t\t<div class=\"elementor-element elementor-element-64d3cf6 e-con-full e-flex e-con e-child\" data-id=\"64d3cf6\" data-element_type=\"container\">\n\t\t<div class=\"elementor-element elementor-element-5f9e2df e-con-full e-flex e-con e-child\" data-id=\"5f9e2df\" data-element_type=\"container\">\n\t\t\t\t<div class=\"elementor-element elementor-element-f14aae4 elementor-widget__width-initial elementor-widget elementor-widget-text-editor\" data-id=\"f14aae4\" data-element_type=\"widget\" data-widget_type=\"text-editor.default\">\n\t\t\t\t<div class=\"elementor-widget-container\">\n\t\t\t\t\t\t\t\t\t<p>Club swimmers must complete an annual membership to take part in competitions. Please consult the page describing the process.<\/p>\t\t\t\t\t\t\t\t<\/div>\n\t\t\t\t<\/div>\n\t\t\t\t<\/div>\n\t\t<div class=\"elementor-element elementor-element-58a02bf e-con-full e-flex e-con e-child\" data-id=\"58a02bf\" data-element_type=\"container\">\n\t\t\t\t<div class=\"elementor-element elementor-element-b03da0a elementor-button-info elementor-align-center elementor-widget elementor-widget-button\" data-id=\"b03da0a\" data-element_type=\"widget\" data-widget_type=\"button.default\">\n\t\t\t\t<div class=\"elementor-widget-container\">\n\t\t\t\t\t\t\t\t\t<div class=\"elementor-button-wrapper\">\n\t\t\t\t\t<a class=\"elementor-button elementor-button-link elementor-size-xl\" href=\"https:\/\/www.lescitadinsnatation.com\/en\/affiliations\/\">\n\t\t\t\t\t\t<span class=\"elementor-button-content-wrapper\">\n\t\t\t\t\t\t\t\t\t<span class=\"elementor-button-text\">Swimmer Affiliation <\/span>\n\t\t\t\t\t<\/span>\n\t\t\t\t\t<\/a>\n\t\t\t\t<\/div>\n\t\t\t\t\t\t\t\t<\/div>\n\t\t\t\t<\/div>\n\t\t\t\t<\/div>\n\t\t\t\t<\/div>\n\t\t\t\t<\/div>\n\t\t\t\t<\/div>\n\t\t<div class=\"elementor-element elementor-element-a1908fa e-con-full e-flex e-con e-child\" data-id=\"a1908fa\" data-element_type=\"container\" data-settings=\"{&quot;background_background&quot;:&quot;classic&quot;}\">\n\t\t<div class=\"elementor-element elementor-element-4e73b98 e-con-full e-flex e-con e-child\" data-id=\"4e73b98\" data-element_type=\"container\">\n\t\t<div class=\"elementor-element elementor-element-7e3b6d5 e-con-full e-flex e-con e-child\" data-id=\"7e3b6d5\" data-element_type=\"container\" data-settings=\"{&quot;background_background&quot;:&quot;classic&quot;}\">\n\t\t\t\t<div class=\"elementor-element elementor-element-344ba7d elementor-widget elementor-widget-image\" data-id=\"344ba7d\" data-element_type=\"widget\" data-widget_type=\"image.default\">\n\t\t\t\t<div class=\"elementor-widget-container\">\n\t\t\t\t\t\t\t\t\t\t\t\t\t\t\t\t<a href=\"https:\/\/www.arselsl.qc.ca\/secondaire\/natation\/\" target=\"_blank\">\n\t\t\t\t\t\t\t<img decoding=\"async\" width=\"250\" height=\"90\" src=\"https:\/\/www.lescitadinsnatation.com\/wp-content\/uploads\/2024\/04\/RSEQ.png\" class=\"attachment-large size-large wp-image-2474\" alt=\"\" srcset=\"https:\/\/www.lescitadinsnatation.com\/wp-content\/uploads\/2024\/04\/RSEQ.png 250w, https:\/\/www.lescitadinsnatation.com\/wp-content\/uploads\/2024\/04\/RSEQ-18x6.png 18w\" sizes=\"100vw\" \/>\t\t\t\t\t\t\t\t<\/a>\n\t\t\t\t\t\t\t\t\t\t\t\t\t\t\t<\/div>\n\t\t\t\t<\/div>\n\t\t\t\t<\/div>\n\t\t\t\t<\/div>\n\t\t<div class=\"elementor-element elementor-element-d900ed2 e-con-full e-flex e-con e-child\" data-id=\"d900ed2\" data-element_type=\"container\" data-settings=\"{&quot;background_background&quot;:&quot;classic&quot;}\">\n\t\t\t\t<div class=\"elementor-element elementor-element-6bea510 elementor-widget elementor-widget-heading\" data-id=\"6bea510\" data-element_type=\"widget\" data-widget_type=\"heading.default\">\n\t\t\t\t<div class=\"elementor-widget-container\">\n\t\t\t\t\t<h1 class=\"elementor-heading-title elementor-size-default\"><a href=\"https:\/\/www.arselsl.qc.ca\/secondaire\/natation\/\" target=\"_blank\">Natation - RSEQ Lac-Saint-Louis<\/a><\/h1>\t\t\t\t<\/div>\n\t\t\t\t<\/div>\n\t\t\t\t<div class=\"elementor-element elementor-element-7fda919 elementor-widget elementor-widget-text-editor\" data-id=\"7fda919\" data-element_type=\"widget\" data-widget_type=\"text-editor.default\">\n\t\t\t\t<div class=\"elementor-widget-container\">\n\t\t\t\t\t\t\t\t\t<p>A privileged partner to promote educational success through sport, physical activity and healthy lifestyle habits, the RSEQ Lac-Saint-Louis is a service organization that supports school service centers and private establishments that are members of its territory.<\/p>\t\t\t\t\t\t\t\t<\/div>\n\t\t\t\t<\/div>\n\t\t\t\t<\/div>\n\t\t\t\t<\/div>\n\t\t<div class=\"elementor-element elementor-element-b5fd6b8 e-con-full e-flex e-con e-child\" data-id=\"b5fd6b8\" data-element_type=\"container\" data-settings=\"{&quot;background_background&quot;:&quot;classic&quot;}\">\n\t\t<div class=\"elementor-element elementor-element-068e294 e-con-full e-flex e-con e-child\" data-id=\"068e294\" data-element_type=\"container\">\n\t\t\t\t<div class=\"elementor-element elementor-element-273daf2 elementor-widget elementor-widget-image\" data-id=\"273daf2\" data-element_type=\"widget\" data-widget_type=\"image.default\">\n\t\t\t\t<div class=\"elementor-widget-container\">\n\t\t\t\t\t\t\t\t\t\t\t\t\t\t\t\t<a href=\"http:\/\/www.ville.vaudreuil-dorion.qc.ca\/fr\/loisirs-et-culture\/installations-recreatives\/piscine-interieure\" target=\"_blank\">\n\t\t\t\t\t\t\t<img decoding=\"async\" src=\"https:\/\/www.lescitadinsnatation.com\/wp-content\/uploads\/2024\/03\/VD-Logo-RGB-72.png\" title=\"\" alt=\"\" loading=\"lazy\" \/>\t\t\t\t\t\t\t\t<\/a>\n\t\t\t\t\t\t\t\t\t\t\t\t\t\t\t<\/div>\n\t\t\t\t<\/div>\n\t\t\t\t<\/div>\n\t\t<div class=\"elementor-element elementor-element-65d5228 e-con-full e-flex e-con e-child\" data-id=\"65d5228\" data-element_type=\"container\" data-settings=\"{&quot;background_background&quot;:&quot;classic&quot;}\">\n\t\t\t\t<div class=\"elementor-element elementor-element-956ffba elementor-widget elementor-widget-heading\" data-id=\"956ffba\" data-element_type=\"widget\" data-widget_type=\"heading.default\">\n\t\t\t\t<div class=\"elementor-widget-container\">\n\t\t\t\t\t<h1 class=\"elementor-heading-title elementor-size-default\"><a href=\"http:\/\/www.ville.vaudreuil-dorion.qc.ca\/fr\/loisirs-et-culture\/installations-recreatives\/piscine-interieure\" target=\"_blank\">Horaire piscine - Ville de Vaudreuil-Dorion<\/a><\/h1>\t\t\t\t<\/div>\n\t\t\t\t<\/div>\n\t\t\t\t<div class=\"elementor-element elementor-element-b5e42a8 elementor-widget elementor-widget-text-editor\" data-id=\"b5e42a8\" data-element_type=\"widget\" data-widget_type=\"text-editor.default\">\n\t\t\t\t<div class=\"elementor-widget-container\">\n\t\t\t\t\t\t\t\t\t<p>The City of Vaudreuil-Dorion jointly operates the indoor swimming pool on the Cit\u00e9-des-Jeunes campus with the services scolaires des Trois-Lacs. It offers free swimming time slots and swimming lessons for both children and adults.<\/p>\t\t\t\t\t\t\t\t<\/div>\n\t\t\t\t<\/div>\n\t\t\t\t<\/div>\n\t\t\t\t<\/div>\n\t\t<div class=\"elementor-element elementor-element-695c382 e-con-full e-flex e-con e-child\" data-id=\"695c382\" data-element_type=\"container\" data-settings=\"{&quot;background_background&quot;:&quot;classic&quot;}\">\n\t\t<div class=\"elementor-element elementor-element-4838be3 e-con-full e-flex e-con e-child\" data-id=\"4838be3\" data-element_type=\"container\">\n\t\t<div class=\"elementor-element elementor-element-d2f6f13 e-con-full e-flex e-con e-child\" data-id=\"d2f6f13\" data-element_type=\"container\">\n\t\t\t\t<div class=\"elementor-element elementor-element-5ce463c elementor-widget elementor-widget-image\" data-id=\"5ce463c\" data-element_type=\"widget\" data-widget_type=\"image.default\">\n\t\t\t\t<div class=\"elementor-widget-container\">\n\t\t\t\t\t\t\t\t\t\t\t\t\t\t\t\t<a href=\"http:\/\/www.swimrankings.net\" target=\"_blank\">\n\t\t\t\t\t\t\t<img loading=\"lazy\" decoding=\"async\" width=\"300\" height=\"300\" src=\"https:\/\/www.lescitadinsnatation.com\/wp-content\/uploads\/2024\/04\/SplashMe-300x300.png\" class=\"attachment-medium size-medium wp-image-2475\" alt=\"\" srcset=\"https:\/\/www.lescitadinsnatation.com\/wp-content\/uploads\/2024\/04\/SplashMe-300x300.png 300w, https:\/\/www.lescitadinsnatation.com\/wp-content\/uploads\/2024\/04\/SplashMe-150x150.png 150w, https:\/\/www.lescitadinsnatation.com\/wp-content\/uploads\/2024\/04\/SplashMe-12x12.png 12w, https:\/\/www.lescitadinsnatation.com\/wp-content\/uploads\/2024\/04\/SplashMe.png 1024w\" sizes=\"100vw\" \/>\t\t\t\t\t\t\t\t<\/a>\n\t\t\t\t\t\t\t\t\t\t\t\t\t\t\t<\/div>\n\t\t\t\t<\/div>\n\t\t\t\t<\/div>\n\t\t\t\t<\/div>\n\t\t<div class=\"elementor-element elementor-element-ae97504 e-con-full e-flex e-con e-child\" data-id=\"ae97504\" data-element_type=\"container\" data-settings=\"{&quot;background_background&quot;:&quot;classic&quot;}\">\n\t\t\t\t<div class=\"elementor-element elementor-element-415eb56 elementor-widget elementor-widget-heading\" data-id=\"415eb56\" data-element_type=\"widget\" data-widget_type=\"heading.default\">\n\t\t\t\t<div class=\"elementor-widget-container\">\n\t\t\t\t\t<h1 class=\"elementor-heading-title elementor-size-default\"><a href=\"http:\/\/www.swimrankings.net\" target=\"_blank\">Swimrankings - SplashMe<\/a><\/h1>\t\t\t\t<\/div>\n\t\t\t\t<\/div>\n\t\t\t\t<div class=\"elementor-element elementor-element-861f8ad elementor-widget elementor-widget-text-editor\" data-id=\"861f8ad\" data-element_type=\"widget\" data-widget_type=\"text-editor.default\">\n\t\t\t\t<div class=\"elementor-widget-container\">\n\t\t\t\t\t\t\t\t\t<p style=\"text-align: left;\">Site to view competition results.<\/p>\t\t\t\t\t\t\t\t<\/div>\n\t\t\t\t<\/div>\n\t\t\t\t<\/div>\n\t\t\t\t<\/div>\n\t\t\t\t<\/div>\n\t\t\t\t<\/div>","protected":false},"excerpt":{"rendered":"<p>Liens F\u00e9d\u00e9ration de natation du Qu\u00e9bec (FNQ) La F\u00e9d\u00e9ration de natation du Qu\u00e9bec (FNQ) est le chef de file du d\u00e9veloppement de la natation au Qu\u00e9bec et est un organisme vou\u00e9 \u00e0 la promotion et au\u00a0d\u00e9veloppement du sport de la natation. Natation Canada Natation Canada fait office d\u2019organe directeur de la natation comp\u00e9titive au pays. &hellip; <\/p>\n<p class=\"link-more\"><a href=\"https:\/\/www.lescitadinsnatation.com\/en\/liens\/\" class=\"more-link\">Read more<span class=\"screen-reader-text\"> \u00ab\u00a0Liens\u00a0\u00bb<\/span><\/a><\/p>","protected":false},"author":1,"featured_media":0,"parent":0,"menu_order":0,"comment_status":"closed","ping_status":"closed","template":"page-templates\/full-width-transparent.php","meta":{"footnotes":""},"class_list":["post-2467","page","type-page","status-publish","hentry"],"yoast_head":"<!-- This site is optimized with the Yoast SEO plugin v26.3 - https:\/\/yoast.com\/wordpress\/plugins\/seo\/ -->\n<title>Liens - Les Citadins Natation<\/title>\n<meta name=\"robots\" content=\"index, follow, max-snippet:-1, max-image-preview:large, max-video-preview:-1\" \/>\n<link rel=\"canonical\" href=\"https:\/\/www.lescitadinsnatation.com\/en\/liens\/\" \/>\n<meta property=\"og:locale\" content=\"en_US\" \/>\n<meta property=\"og:type\" content=\"article\" \/>\n<meta property=\"og:title\" content=\"Liens - Les Citadins Natation\" \/>\n<meta property=\"og:description\" content=\"Liens F\u00e9d\u00e9ration de natation du Qu\u00e9bec (FNQ) La F\u00e9d\u00e9ration de natation du Qu\u00e9bec (FNQ) est le chef de file du d\u00e9veloppement de la natation au Qu\u00e9bec et est un organisme vou\u00e9 \u00e0 la promotion et au\u00a0d\u00e9veloppement du sport de la natation. Natation Canada Natation Canada fait office d\u2019organe directeur de la natation comp\u00e9titive au pays. &hellip; Read more &quot;Liens&quot;\" \/>\n<meta property=\"og:url\" content=\"https:\/\/www.lescitadinsnatation.com\/en\/liens\/\" \/>\n<meta property=\"og:site_name\" content=\"Les Citadins Natation\" \/>\n<meta property=\"article:modified_time\" content=\"2024-10-08T01:16:09+00:00\" \/>\n<meta property=\"og:image\" content=\"https:\/\/www.lescitadinsnatation.com\/wp-content\/uploads\/2024\/04\/FNQ.jpg\" \/>\n<meta name=\"twitter:label1\" content=\"Est. reading time\" \/>\n\t<meta name=\"twitter:data1\" content=\"3 minutes\" \/>\n<script type=\"application\/ld+json\" class=\"yoast-schema-graph\">{\"@context\":\"https:\/\/schema.org\",\"@graph\":[{\"@type\":\"WebPage\",\"@id\":\"https:\/\/www.lescitadinsnatation.com\/liens\/\",\"url\":\"https:\/\/www.lescitadinsnatation.com\/liens\/\",\"name\":\"Liens - Les Citadins Natation\",\"isPartOf\":{\"@id\":\"https:\/\/wp212640.wpdns.ca\/fr\/accueil\/#website\"},\"primaryImageOfPage\":{\"@id\":\"https:\/\/www.lescitadinsnatation.com\/liens\/#primaryimage\"},\"image\":{\"@id\":\"https:\/\/www.lescitadinsnatation.com\/liens\/#primaryimage\"},\"thumbnailUrl\":\"https:\/\/www.lescitadinsnatation.com\/wp-content\/uploads\/2024\/04\/FNQ.jpg\",\"datePublished\":\"2024-04-06T15:35:06+00:00\",\"dateModified\":\"2024-10-08T01:16:09+00:00\",\"breadcrumb\":{\"@id\":\"https:\/\/www.lescitadinsnatation.com\/liens\/#breadcrumb\"},\"inLanguage\":\"en-CA\",\"potentialAction\":[{\"@type\":\"ReadAction\",\"target\":[\"https:\/\/www.lescitadinsnatation.com\/liens\/\"]}]},{\"@type\":\"ImageObject\",\"inLanguage\":\"en-CA\",\"@id\":\"https:\/\/www.lescitadinsnatation.com\/liens\/#primaryimage\",\"url\":\"https:\/\/www.lescitadinsnatation.com\/wp-content\/uploads\/2024\/04\/FNQ.jpg\",\"contentUrl\":\"https:\/\/www.lescitadinsnatation.com\/wp-content\/uploads\/2024\/04\/FNQ.jpg\"},{\"@type\":\"BreadcrumbList\",\"@id\":\"https:\/\/www.lescitadinsnatation.com\/liens\/#breadcrumb\",\"itemListElement\":[{\"@type\":\"ListItem\",\"position\":1,\"name\":\"Home\",\"item\":\"https:\/\/www.lescitadinsnatation.com\/\"},{\"@type\":\"ListItem\",\"position\":2,\"name\":\"Liens\"}]},{\"@type\":\"WebSite\",\"@id\":\"https:\/\/wp212640.wpdns.ca\/fr\/accueil\/#website\",\"url\":\"https:\/\/wp212640.wpdns.ca\/fr\/accueil\/\",\"name\":\"Les Citadins Natation\",\"description\":\"Atteindre l&#039;excellence, une longueur \u00e0 la fois !\",\"publisher\":{\"@id\":\"https:\/\/wp212640.wpdns.ca\/fr\/accueil\/#organization\"},\"potentialAction\":[{\"@type\":\"SearchAction\",\"target\":{\"@type\":\"EntryPoint\",\"urlTemplate\":\"https:\/\/wp212640.wpdns.ca\/fr\/accueil\/?s={search_term_string}\"},\"query-input\":{\"@type\":\"PropertyValueSpecification\",\"valueRequired\":true,\"valueName\":\"search_term_string\"}}],\"inLanguage\":\"en-CA\"},{\"@type\":\"Organization\",\"@id\":\"https:\/\/wp212640.wpdns.ca\/fr\/accueil\/#organization\",\"name\":\"Les Citadins Natation\",\"url\":\"https:\/\/wp212640.wpdns.ca\/fr\/accueil\/\",\"logo\":{\"@type\":\"ImageObject\",\"inLanguage\":\"en-CA\",\"@id\":\"https:\/\/wp212640.wpdns.ca\/fr\/accueil\/#\/schema\/logo\/image\/\",\"url\":\"https:\/\/www.lescitadinsnatation.com\/wp-content\/uploads\/2025\/04\/Logo_CitadinsNatation_AvecTexte_Avril2025.png\",\"contentUrl\":\"https:\/\/www.lescitadinsnatation.com\/wp-content\/uploads\/2025\/04\/Logo_CitadinsNatation_AvecTexte_Avril2025.png\",\"width\":690,\"height\":427,\"caption\":\"Les Citadins Natation\"},\"image\":{\"@id\":\"https:\/\/wp212640.wpdns.ca\/fr\/accueil\/#\/schema\/logo\/image\/\"}}]}<\/script>\n<!-- \/ Yoast SEO plugin. -->","yoast_head_json":{"title":"Liens - Les Citadins Natation","robots":{"index":"index","follow":"follow","max-snippet":"max-snippet:-1","max-image-preview":"max-image-preview:large","max-video-preview":"max-video-preview:-1"},"canonical":"https:\/\/www.lescitadinsnatation.com\/en\/liens\/","og_locale":"en_US","og_type":"article","og_title":"Liens - Les Citadins Natation","og_description":"Liens F\u00e9d\u00e9ration de natation du Qu\u00e9bec (FNQ) La F\u00e9d\u00e9ration de natation du Qu\u00e9bec (FNQ) est le chef de file du d\u00e9veloppement de la natation au Qu\u00e9bec et est un organisme vou\u00e9 \u00e0 la promotion et au\u00a0d\u00e9veloppement du sport de la natation. Natation Canada Natation Canada fait office d\u2019organe directeur de la natation comp\u00e9titive au pays. &hellip; Read more \"Liens\"","og_url":"https:\/\/www.lescitadinsnatation.com\/en\/liens\/","og_site_name":"Les Citadins Natation","article_modified_time":"2024-10-08T01:16:09+00:00","og_image":[{"url":"https:\/\/www.lescitadinsnatation.com\/wp-content\/uploads\/2024\/04\/FNQ.jpg","type":"","width":"","height":""}],"twitter_misc":{"Est. reading time":"3 minutes"},"schema":{"@context":"https:\/\/schema.org","@graph":[{"@type":"WebPage","@id":"https:\/\/www.lescitadinsnatation.com\/liens\/","url":"https:\/\/www.lescitadinsnatation.com\/liens\/","name":"Liens - Les Citadins Natation","isPartOf":{"@id":"https:\/\/wp212640.wpdns.ca\/fr\/accueil\/#website"},"primaryImageOfPage":{"@id":"https:\/\/www.lescitadinsnatation.com\/liens\/#primaryimage"},"image":{"@id":"https:\/\/www.lescitadinsnatation.com\/liens\/#primaryimage"},"thumbnailUrl":"https:\/\/www.lescitadinsnatation.com\/wp-content\/uploads\/2024\/04\/FNQ.jpg","datePublished":"2024-04-06T15:35:06+00:00","dateModified":"2024-10-08T01:16:09+00:00","breadcrumb":{"@id":"https:\/\/www.lescitadinsnatation.com\/liens\/#breadcrumb"},"inLanguage":"en-CA","potentialAction":[{"@type":"ReadAction","target":["https:\/\/www.lescitadinsnatation.com\/liens\/"]}]},{"@type":"ImageObject","inLanguage":"en-CA","@id":"https:\/\/www.lescitadinsnatation.com\/liens\/#primaryimage","url":"https:\/\/www.lescitadinsnatation.com\/wp-content\/uploads\/2024\/04\/FNQ.jpg","contentUrl":"https:\/\/www.lescitadinsnatation.com\/wp-content\/uploads\/2024\/04\/FNQ.jpg"},{"@type":"BreadcrumbList","@id":"https:\/\/www.lescitadinsnatation.com\/liens\/#breadcrumb","itemListElement":[{"@type":"ListItem","position":1,"name":"Home","item":"https:\/\/www.lescitadinsnatation.com\/"},{"@type":"ListItem","position":2,"name":"Liens"}]},{"@type":"WebSite","@id":"https:\/\/wp212640.wpdns.ca\/fr\/accueil\/#website","url":"https:\/\/wp212640.wpdns.ca\/fr\/accueil\/","name":"Les Citadins Natation","description":"Achieve excellence, one step at a time!","publisher":{"@id":"https:\/\/wp212640.wpdns.ca\/fr\/accueil\/#organization"},"potentialAction":[{"@type":"SearchAction","target":{"@type":"EntryPoint","urlTemplate":"https:\/\/wp212640.wpdns.ca\/fr\/accueil\/?s={search_term_string}"},"query-input":{"@type":"PropertyValueSpecification","valueRequired":true,"valueName":"search_term_string"}}],"inLanguage":"en-CA"},{"@type":"Organization","@id":"https:\/\/wp212640.wpdns.ca\/fr\/accueil\/#organization","name":"Les Citadins Natation","url":"https:\/\/wp212640.wpdns.ca\/fr\/accueil\/","logo":{"@type":"ImageObject","inLanguage":"en-CA","@id":"https:\/\/wp212640.wpdns.ca\/fr\/accueil\/#\/schema\/logo\/image\/","url":"https:\/\/www.lescitadinsnatation.com\/wp-content\/uploads\/2025\/04\/Logo_CitadinsNatation_AvecTexte_Avril2025.png","contentUrl":"https:\/\/www.lescitadinsnatation.com\/wp-content\/uploads\/2025\/04\/Logo_CitadinsNatation_AvecTexte_Avril2025.png","width":690,"height":427,"caption":"Les Citadins Natation"},"image":{"@id":"https:\/\/wp212640.wpdns.ca\/fr\/accueil\/#\/schema\/logo\/image\/"}}]}},"_links":{"self":[{"href":"https:\/\/www.lescitadinsnatation.com\/en\/wp-json\/wp\/v2\/pages\/2467","targetHints":{"allow":["GET"]}}],"collection":[{"href":"https:\/\/www.lescitadinsnatation.com\/en\/wp-json\/wp\/v2\/pages"}],"about":[{"href":"https:\/\/www.lescitadinsnatation.com\/en\/wp-json\/wp\/v2\/types\/page"}],"author":[{"embeddable":true,"href":"https:\/\/www.lescitadinsnatation.com\/en\/wp-json\/wp\/v2\/users\/1"}],"replies":[{"embeddable":true,"href":"https:\/\/www.lescitadinsnatation.com\/en\/wp-json\/wp\/v2\/comments?post=2467"}],"version-history":[{"count":40,"href":"https:\/\/www.lescitadinsnatation.com\/en\/wp-json\/wp\/v2\/pages\/2467\/revisions"}],"predecessor-version":[{"id":3226,"href":"https:\/\/www.lescitadinsnatation.com\/en\/wp-json\/wp\/v2\/pages\/2467\/revisions\/3226"}],"wp:attachment":[{"href":"https:\/\/www.lescitadinsnatation.com\/en\/wp-json\/wp\/v2\/media?parent=2467"}],"curies":[{"name":"wp","href":"https:\/\/api.w.org\/{rel}","templated":true}]}}