{"id":3209,"date":"2024-10-07T20:55:28","date_gmt":"2024-10-08T00:55:28","guid":{"rendered":"https:\/\/www.lescitadinsnatation.com\/?page_id=3209"},"modified":"2024-10-07T20:56:36","modified_gmt":"2024-10-08T00:56:36","slug":"affiliations","status":"publish","type":"page","link":"https:\/\/www.lescitadinsnatation.com\/en\/affiliations\/","title":{"rendered":"Affiliations"},"content":{"rendered":"<div data-elementor-type=\"wp-page\" data-elementor-id=\"3209\" class=\"elementor elementor-3209\">\n\t\t\t\t\t\t<section class=\"elementor-section elementor-top-section elementor-element elementor-element-719d51a7 elementor-section-full_width elementor-section-height-default elementor-section-height-default\" data-id=\"719d51a7\" data-element_type=\"section\" data-settings=\"{&quot;background_background&quot;:&quot;classic&quot;,&quot;animation&quot;:&quot;none&quot;}\">\n\t\t\t\t\t\t\t<div class=\"elementor-background-overlay\"><\/div>\n\t\t\t\t\t\t\t<div class=\"elementor-container elementor-column-gap-default\">\n\t\t\t\t\t<div class=\"elementor-column elementor-col-100 elementor-top-column elementor-element elementor-element-ebaebdc\" data-id=\"ebaebdc\" data-element_type=\"column\" data-settings=\"{&quot;background_background&quot;:&quot;classic&quot;}\">\n\t\t\t<div class=\"elementor-widget-wrap elementor-element-populated\">\n\t\t\t\t\t<div class=\"elementor-background-overlay\"><\/div>\n\t\t\t\t\t\t<div class=\"elementor-element elementor-element-52ef30b elementor-widget__width-inherit elementor-widget elementor-widget-heading\" data-id=\"52ef30b\" data-element_type=\"widget\" data-settings=\"{&quot;_animation&quot;:&quot;none&quot;}\" data-widget_type=\"heading.default\">\n\t\t\t\t<div class=\"elementor-widget-container\">\n\t\t\t\t\t<h1 class=\"elementor-heading-title elementor-size-default\">Affiliations<\/h1>\t\t\t\t<\/div>\n\t\t\t\t<\/div>\n\t\t\t\t\t<\/div>\n\t\t<\/div>\n\t\t\t\t\t<\/div>\n\t\t<\/section>\n\t\t\t\t<section class=\"elementor-section elementor-top-section elementor-element elementor-element-c230366 elementor-section-boxed elementor-section-height-default elementor-section-height-default\" data-id=\"c230366\" data-element_type=\"section\">\n\t\t\t\t\t\t<div class=\"elementor-container elementor-column-gap-default\">\n\t\t\t\t\t<div class=\"elementor-column elementor-col-100 elementor-top-column elementor-element elementor-element-5139b21\" data-id=\"5139b21\" data-element_type=\"column\">\n\t\t\t<div class=\"elementor-widget-wrap elementor-element-populated\">\n\t\t\t\t\t\t<div class=\"elementor-element elementor-element-d39a15b elementor-widget elementor-widget-spacer\" data-id=\"d39a15b\" data-element_type=\"widget\" data-widget_type=\"spacer.default\">\n\t\t\t\t<div class=\"elementor-widget-container\">\n\t\t\t\t\t\t\t<div class=\"elementor-spacer\">\n\t\t\t<div class=\"elementor-spacer-inner\"><\/div>\n\t\t<\/div>\n\t\t\t\t\t\t<\/div>\n\t\t\t\t<\/div>\n\t\t\t\t\t<\/div>\n\t\t<\/div>\n\t\t\t\t\t<\/div>\n\t\t<\/section>\n\t\t<div class=\"elementor-element elementor-element-c0756d4 e-con-full e-flex e-con e-parent\" data-id=\"c0756d4\" data-element_type=\"container\">\n\t\t<div class=\"elementor-element elementor-element-17b7f58 e-flex e-con-boxed e-con e-child\" data-id=\"17b7f58\" data-element_type=\"container\">\n\t\t\t\t\t<div class=\"e-con-inner\">\n\t\t\t\t<div class=\"elementor-element elementor-element-107e983 elementor-widget elementor-widget-text-editor\" data-id=\"107e983\" data-element_type=\"widget\" data-widget_type=\"text-editor.default\">\n\t\t\t\t<div class=\"elementor-widget-container\">\n\t\t\t\t\t\t\t\t\t<h2 style=\"text-align: center;\">Swimming Canada Affiliation<\/h2><p>Competitive swimmers from the club must be affiliated annually with Swimming Canada to be able to participate in the competitions of the season.<\/p><p>At the start of the season, you will receive an email telling you when to join.<\/p>\t\t\t\t\t\t\t\t<\/div>\n\t\t\t\t<\/div>\n\t\t\t\t<div class=\"elementor-element elementor-element-39dbe54 elementor-widget elementor-widget-image\" data-id=\"39dbe54\" data-element_type=\"widget\" data-widget_type=\"image.default\">\n\t\t\t\t<div class=\"elementor-widget-container\">\n\t\t\t\t\t\t\t\t\t\t\t\t\t\t\t\t<a href=\"https:\/\/swimming.canada.sportsmanager.ie\/sportlomo\/users\/login\" target=\"_blank\">\n\t\t\t\t\t\t\t<img fetchpriority=\"high\" decoding=\"async\" width=\"327\" height=\"154\" src=\"https:\/\/www.lescitadinsnatation.com\/wp-content\/uploads\/2024\/04\/NatationCanada.png\" class=\"attachment-full size-full wp-image-2473\" alt=\"\" srcset=\"https:\/\/www.lescitadinsnatation.com\/wp-content\/uploads\/2024\/04\/NatationCanada.png 327w, https:\/\/www.lescitadinsnatation.com\/wp-content\/uploads\/2024\/04\/NatationCanada-300x141.png 300w, https:\/\/www.lescitadinsnatation.com\/wp-content\/uploads\/2024\/04\/NatationCanada-18x8.png 18w\" sizes=\"100vw\" \/>\t\t\t\t\t\t\t\t<\/a>\n\t\t\t\t\t\t\t\t\t\t\t\t\t\t\t<\/div>\n\t\t\t\t<\/div>\n\t\t\t\t\t<\/div>\n\t\t\t\t<\/div>\n\t\t<div class=\"elementor-element elementor-element-31474b0 e-con-full e-flex e-con e-child\" data-id=\"31474b0\" data-element_type=\"container\" data-settings=\"{&quot;background_background&quot;:&quot;gradient&quot;}\">\n\t\t<div class=\"elementor-element elementor-element-a1d3c58 e-flex e-con-boxed e-con e-child\" data-id=\"a1d3c58\" data-element_type=\"container\">\n\t\t\t\t\t<div class=\"e-con-inner\">\n\t\t\t\t<div class=\"elementor-element elementor-element-496278a elementor-widget elementor-widget-heading\" data-id=\"496278a\" data-element_type=\"widget\" data-widget_type=\"heading.default\">\n\t\t\t\t<div class=\"elementor-widget-container\">\n\t\t\t\t\t<h2 class=\"elementor-heading-title elementor-size-default\">Help<\/h2>\t\t\t\t<\/div>\n\t\t\t\t<\/div>\n\t\t\t\t<div class=\"elementor-element elementor-element-13da8ad elementor-widget elementor-widget-text-editor\" data-id=\"13da8ad\" data-element_type=\"widget\" data-widget_type=\"text-editor.default\">\n\t\t\t\t<div class=\"elementor-widget-container\">\n\t\t\t\t\t\t\t\t\t<p>Documentation on Swimming Canada affiliation from the Sportlomo platform.<\/p>\t\t\t\t\t\t\t\t<\/div>\n\t\t\t\t<\/div>\n\t\t\t\t<div class=\"elementor-element elementor-element-9fcb155 elementor-widget elementor-widget-image\" data-id=\"9fcb155\" data-element_type=\"widget\" data-widget_type=\"image.default\">\n\t\t\t\t<div class=\"elementor-widget-container\">\n\t\t\t\t\t\t\t\t\t\t\t\t\t\t\t\t<a href=\"https:\/\/www.lescitadinsnatation.com\/wp-content\/uploads\/2024\/10\/Aide_Affiliation_SwimmingCanada_EN.pdf\" target=\"_blank\">\n\t\t\t\t\t\t\t<img decoding=\"async\" width=\"150\" height=\"150\" src=\"https:\/\/www.lescitadinsnatation.com\/wp-content\/uploads\/2024\/08\/Icone_Aide-150x150.png\" class=\"attachment-thumbnail size-thumbnail wp-image-3090\" alt=\"\" srcset=\"https:\/\/www.lescitadinsnatation.com\/wp-content\/uploads\/2024\/08\/Icone_Aide-150x150.png 150w, https:\/\/www.lescitadinsnatation.com\/wp-content\/uploads\/2024\/08\/Icone_Aide-300x300.png 300w, https:\/\/www.lescitadinsnatation.com\/wp-content\/uploads\/2024\/08\/Icone_Aide-12x12.png 12w, https:\/\/www.lescitadinsnatation.com\/wp-content\/uploads\/2024\/08\/elementor\/thumbs\/Icone_Aide-150x150.png 50w, https:\/\/www.lescitadinsnatation.com\/wp-content\/uploads\/2024\/08\/elementor\/thumbs\/Icone_Aide-150x150.png 30w, https:\/\/www.lescitadinsnatation.com\/wp-content\/uploads\/2024\/08\/Icone_Aide.png 512w\" sizes=\"100vw\" \/>\t\t\t\t\t\t\t\t<\/a>\n\t\t\t\t\t\t\t\t\t\t\t\t\t\t\t<\/div>\n\t\t\t\t<\/div>\n\t\t\t\t\t<\/div>\n\t\t\t\t<\/div>\n\t\t\t\t<\/div>\n\t\t\t\t<\/div>\n\t\t\t\t<\/div>","protected":false},"excerpt":{"rendered":"<p>Affiliations Affiliation Natation Canada Les nageurs comp\u00e9titifs du club doivent \u00eatre affili\u00e9s annuellement sur Natation Canada pour pouvoir participer aux diff\u00e9rentes comp\u00e9titions de la saison. En d\u00e9but de saison, vous recevrez un courriel vous indiquant le moment o\u00f9 proc\u00e9der \u00e0 l&rsquo;affiliation. Aide Documentation sur l&rsquo;affiliation de Natation Canada \u00e0 partir de la plateforme Sportlomo.<\/p>","protected":false},"author":1,"featured_media":0,"parent":0,"menu_order":0,"comment_status":"closed","ping_status":"closed","template":"page-templates\/full-width-transparent.php","meta":{"footnotes":""},"class_list":["post-3209","page","type-page","status-publish","hentry"],"yoast_head":"<!-- This site is optimized with the Yoast SEO plugin v26.3 - https:\/\/yoast.com\/wordpress\/plugins\/seo\/ -->\n<title>Affiliations - Les Citadins Natation<\/title>\n<meta name=\"robots\" content=\"index, follow, max-snippet:-1, max-image-preview:large, max-video-preview:-1\" \/>\n<link rel=\"canonical\" href=\"https:\/\/www.lescitadinsnatation.com\/en\/affiliations\/\" \/>\n<meta property=\"og:locale\" content=\"en_US\" \/>\n<meta property=\"og:type\" content=\"article\" \/>\n<meta property=\"og:title\" content=\"Affiliations - Les Citadins Natation\" \/>\n<meta property=\"og:description\" content=\"Affiliations Affiliation Natation Canada Les nageurs comp\u00e9titifs du club doivent \u00eatre affili\u00e9s annuellement sur Natation Canada pour pouvoir participer aux diff\u00e9rentes comp\u00e9titions de la saison. En d\u00e9but de saison, vous recevrez un courriel vous indiquant le moment o\u00f9 proc\u00e9der \u00e0 l&rsquo;affiliation. Aide Documentation sur l&rsquo;affiliation de Natation Canada \u00e0 partir de la plateforme Sportlomo.\" \/>\n<meta property=\"og:url\" content=\"https:\/\/www.lescitadinsnatation.com\/en\/affiliations\/\" \/>\n<meta property=\"og:site_name\" content=\"Les Citadins Natation\" \/>\n<meta property=\"article:modified_time\" content=\"2024-10-08T00:56:36+00:00\" \/>\n<meta property=\"og:image\" content=\"https:\/\/www.lescitadinsnatation.com\/wp-content\/uploads\/2024\/04\/NatationCanada.png\" \/>\n<meta name=\"twitter:label1\" content=\"Est. reading time\" \/>\n\t<meta name=\"twitter:data1\" content=\"2 minutes\" \/>\n<script type=\"application\/ld+json\" class=\"yoast-schema-graph\">{\"@context\":\"https:\/\/schema.org\",\"@graph\":[{\"@type\":\"WebPage\",\"@id\":\"https:\/\/www.lescitadinsnatation.com\/affiliations\/\",\"url\":\"https:\/\/www.lescitadinsnatation.com\/affiliations\/\",\"name\":\"Affiliations - Les Citadins Natation\",\"isPartOf\":{\"@id\":\"https:\/\/wp212640.wpdns.ca\/fr\/accueil\/#website\"},\"primaryImageOfPage\":{\"@id\":\"https:\/\/www.lescitadinsnatation.com\/affiliations\/#primaryimage\"},\"image\":{\"@id\":\"https:\/\/www.lescitadinsnatation.com\/affiliations\/#primaryimage\"},\"thumbnailUrl\":\"https:\/\/www.lescitadinsnatation.com\/wp-content\/uploads\/2024\/04\/NatationCanada.png\",\"datePublished\":\"2024-10-08T00:55:28+00:00\",\"dateModified\":\"2024-10-08T00:56:36+00:00\",\"breadcrumb\":{\"@id\":\"https:\/\/www.lescitadinsnatation.com\/affiliations\/#breadcrumb\"},\"inLanguage\":\"en-CA\",\"potentialAction\":[{\"@type\":\"ReadAction\",\"target\":[\"https:\/\/www.lescitadinsnatation.com\/affiliations\/\"]}]},{\"@type\":\"ImageObject\",\"inLanguage\":\"en-CA\",\"@id\":\"https:\/\/www.lescitadinsnatation.com\/affiliations\/#primaryimage\",\"url\":\"https:\/\/www.lescitadinsnatation.com\/wp-content\/uploads\/2024\/04\/NatationCanada.png\",\"contentUrl\":\"https:\/\/www.lescitadinsnatation.com\/wp-content\/uploads\/2024\/04\/NatationCanada.png\"},{\"@type\":\"BreadcrumbList\",\"@id\":\"https:\/\/www.lescitadinsnatation.com\/affiliations\/#breadcrumb\",\"itemListElement\":[{\"@type\":\"ListItem\",\"position\":1,\"name\":\"Home\",\"item\":\"https:\/\/www.lescitadinsnatation.com\/\"},{\"@type\":\"ListItem\",\"position\":2,\"name\":\"Affiliations\"}]},{\"@type\":\"WebSite\",\"@id\":\"https:\/\/wp212640.wpdns.ca\/fr\/accueil\/#website\",\"url\":\"https:\/\/wp212640.wpdns.ca\/fr\/accueil\/\",\"name\":\"Les Citadins Natation\",\"description\":\"Atteindre l&#039;excellence, une longueur \u00e0 la fois !\",\"publisher\":{\"@id\":\"https:\/\/wp212640.wpdns.ca\/fr\/accueil\/#organization\"},\"potentialAction\":[{\"@type\":\"SearchAction\",\"target\":{\"@type\":\"EntryPoint\",\"urlTemplate\":\"https:\/\/wp212640.wpdns.ca\/fr\/accueil\/?s={search_term_string}\"},\"query-input\":{\"@type\":\"PropertyValueSpecification\",\"valueRequired\":true,\"valueName\":\"search_term_string\"}}],\"inLanguage\":\"en-CA\"},{\"@type\":\"Organization\",\"@id\":\"https:\/\/wp212640.wpdns.ca\/fr\/accueil\/#organization\",\"name\":\"Les Citadins Natation\",\"url\":\"https:\/\/wp212640.wpdns.ca\/fr\/accueil\/\",\"logo\":{\"@type\":\"ImageObject\",\"inLanguage\":\"en-CA\",\"@id\":\"https:\/\/wp212640.wpdns.ca\/fr\/accueil\/#\/schema\/logo\/image\/\",\"url\":\"https:\/\/www.lescitadinsnatation.com\/wp-content\/uploads\/2025\/04\/Logo_CitadinsNatation_AvecTexte_Avril2025.png\",\"contentUrl\":\"https:\/\/www.lescitadinsnatation.com\/wp-content\/uploads\/2025\/04\/Logo_CitadinsNatation_AvecTexte_Avril2025.png\",\"width\":690,\"height\":427,\"caption\":\"Les Citadins Natation\"},\"image\":{\"@id\":\"https:\/\/wp212640.wpdns.ca\/fr\/accueil\/#\/schema\/logo\/image\/\"}}]}<\/script>\n<!-- \/ Yoast SEO plugin. -->","yoast_head_json":{"title":"Affiliations - Les Citadins Natation","robots":{"index":"index","follow":"follow","max-snippet":"max-snippet:-1","max-image-preview":"max-image-preview:large","max-video-preview":"max-video-preview:-1"},"canonical":"https:\/\/www.lescitadinsnatation.com\/en\/affiliations\/","og_locale":"en_US","og_type":"article","og_title":"Affiliations - Les Citadins Natation","og_description":"Affiliations Affiliation Natation Canada Les nageurs comp\u00e9titifs du club doivent \u00eatre affili\u00e9s annuellement sur Natation Canada pour pouvoir participer aux diff\u00e9rentes comp\u00e9titions de la saison. En d\u00e9but de saison, vous recevrez un courriel vous indiquant le moment o\u00f9 proc\u00e9der \u00e0 l&rsquo;affiliation. Aide Documentation sur l&rsquo;affiliation de Natation Canada \u00e0 partir de la plateforme Sportlomo.","og_url":"https:\/\/www.lescitadinsnatation.com\/en\/affiliations\/","og_site_name":"Les Citadins Natation","article_modified_time":"2024-10-08T00:56:36+00:00","og_image":[{"url":"https:\/\/www.lescitadinsnatation.com\/wp-content\/uploads\/2024\/04\/NatationCanada.png","type":"","width":"","height":""}],"twitter_misc":{"Est. reading time":"2 minutes"},"schema":{"@context":"https:\/\/schema.org","@graph":[{"@type":"WebPage","@id":"https:\/\/www.lescitadinsnatation.com\/affiliations\/","url":"https:\/\/www.lescitadinsnatation.com\/affiliations\/","name":"Affiliations - Les Citadins Natation","isPartOf":{"@id":"https:\/\/wp212640.wpdns.ca\/fr\/accueil\/#website"},"primaryImageOfPage":{"@id":"https:\/\/www.lescitadinsnatation.com\/affiliations\/#primaryimage"},"image":{"@id":"https:\/\/www.lescitadinsnatation.com\/affiliations\/#primaryimage"},"thumbnailUrl":"https:\/\/www.lescitadinsnatation.com\/wp-content\/uploads\/2024\/04\/NatationCanada.png","datePublished":"2024-10-08T00:55:28+00:00","dateModified":"2024-10-08T00:56:36+00:00","breadcrumb":{"@id":"https:\/\/www.lescitadinsnatation.com\/affiliations\/#breadcrumb"},"inLanguage":"en-CA","potentialAction":[{"@type":"ReadAction","target":["https:\/\/www.lescitadinsnatation.com\/affiliations\/"]}]},{"@type":"ImageObject","inLanguage":"en-CA","@id":"https:\/\/www.lescitadinsnatation.com\/affiliations\/#primaryimage","url":"https:\/\/www.lescitadinsnatation.com\/wp-content\/uploads\/2024\/04\/NatationCanada.png","contentUrl":"https:\/\/www.lescitadinsnatation.com\/wp-content\/uploads\/2024\/04\/NatationCanada.png"},{"@type":"BreadcrumbList","@id":"https:\/\/www.lescitadinsnatation.com\/affiliations\/#breadcrumb","itemListElement":[{"@type":"ListItem","position":1,"name":"Home","item":"https:\/\/www.lescitadinsnatation.com\/"},{"@type":"ListItem","position":2,"name":"Affiliations"}]},{"@type":"WebSite","@id":"https:\/\/wp212640.wpdns.ca\/fr\/accueil\/#website","url":"https:\/\/wp212640.wpdns.ca\/fr\/accueil\/","name":"Les Citadins Natation","description":"Achieve excellence, one step at a time!","publisher":{"@id":"https:\/\/wp212640.wpdns.ca\/fr\/accueil\/#organization"},"potentialAction":[{"@type":"SearchAction","target":{"@type":"EntryPoint","urlTemplate":"https:\/\/wp212640.wpdns.ca\/fr\/accueil\/?s={search_term_string}"},"query-input":{"@type":"PropertyValueSpecification","valueRequired":true,"valueName":"search_term_string"}}],"inLanguage":"en-CA"},{"@type":"Organization","@id":"https:\/\/wp212640.wpdns.ca\/fr\/accueil\/#organization","name":"Les Citadins Natation","url":"https:\/\/wp212640.wpdns.ca\/fr\/accueil\/","logo":{"@type":"ImageObject","inLanguage":"en-CA","@id":"https:\/\/wp212640.wpdns.ca\/fr\/accueil\/#\/schema\/logo\/image\/","url":"https:\/\/www.lescitadinsnatation.com\/wp-content\/uploads\/2025\/04\/Logo_CitadinsNatation_AvecTexte_Avril2025.png","contentUrl":"https:\/\/www.lescitadinsnatation.com\/wp-content\/uploads\/2025\/04\/Logo_CitadinsNatation_AvecTexte_Avril2025.png","width":690,"height":427,"caption":"Les Citadins Natation"},"image":{"@id":"https:\/\/wp212640.wpdns.ca\/fr\/accueil\/#\/schema\/logo\/image\/"}}]}},"_links":{"self":[{"href":"https:\/\/www.lescitadinsnatation.com\/en\/wp-json\/wp\/v2\/pages\/3209","targetHints":{"allow":["GET"]}}],"collection":[{"href":"https:\/\/www.lescitadinsnatation.com\/en\/wp-json\/wp\/v2\/pages"}],"about":[{"href":"https:\/\/www.lescitadinsnatation.com\/en\/wp-json\/wp\/v2\/types\/page"}],"author":[{"embeddable":true,"href":"https:\/\/www.lescitadinsnatation.com\/en\/wp-json\/wp\/v2\/users\/1"}],"replies":[{"embeddable":true,"href":"https:\/\/www.lescitadinsnatation.com\/en\/wp-json\/wp\/v2\/comments?post=3209"}],"version-history":[{"count":7,"href":"https:\/\/www.lescitadinsnatation.com\/en\/wp-json\/wp\/v2\/pages\/3209\/revisions"}],"predecessor-version":[{"id":3218,"href":"https:\/\/www.lescitadinsnatation.com\/en\/wp-json\/wp\/v2\/pages\/3209\/revisions\/3218"}],"wp:attachment":[{"href":"https:\/\/www.lescitadinsnatation.com\/en\/wp-json\/wp\/v2\/media?parent=3209"}],"curies":[{"name":"wp","href":"https:\/\/api.w.org\/{rel}","templated":true}]}}