{"id":3480,"date":"2025-03-30T18:36:17","date_gmt":"2025-03-30T22:36:17","guid":{"rendered":"https:\/\/www.lescitadinsnatation.com\/?page_id=3480"},"modified":"2026-04-28T20:40:15","modified_gmt":"2026-04-29T00:40:15","slug":"emplois","status":"publish","type":"page","link":"https:\/\/www.lescitadinsnatation.com\/en\/emplois\/","title":{"rendered":"Jobs"},"content":{"rendered":"<div data-elementor-type=\"wp-page\" data-elementor-id=\"3480\" class=\"elementor elementor-3480\">\n\t\t\t\t\t\t<section class=\"elementor-section elementor-top-section elementor-element elementor-element-6bf374d5 elementor-section-full_width elementor-section-height-default elementor-section-height-default\" data-id=\"6bf374d5\" data-element_type=\"section\" data-settings=\"{&quot;background_background&quot;:&quot;classic&quot;,&quot;animation&quot;:&quot;none&quot;}\">\n\t\t\t\t\t\t\t<div class=\"elementor-background-overlay\"><\/div>\n\t\t\t\t\t\t\t<div class=\"elementor-container elementor-column-gap-default\">\n\t\t\t\t\t<div class=\"elementor-column elementor-col-100 elementor-top-column elementor-element elementor-element-6684c35\" data-id=\"6684c35\" data-element_type=\"column\" data-settings=\"{&quot;background_background&quot;:&quot;classic&quot;}\">\n\t\t\t<div class=\"elementor-widget-wrap elementor-element-populated\">\n\t\t\t\t\t<div class=\"elementor-background-overlay\"><\/div>\n\t\t\t\t\t\t<div class=\"elementor-element elementor-element-1c70c34b elementor-widget__width-inherit elementor-widget elementor-widget-heading\" data-id=\"1c70c34b\" data-element_type=\"widget\" data-settings=\"{&quot;_animation&quot;:&quot;none&quot;}\" data-widget_type=\"heading.default\">\n\t\t\t\t<div class=\"elementor-widget-container\">\n\t\t\t\t\t<h1 class=\"elementor-heading-title elementor-size-default\">Jobs<\/h1>\t\t\t\t<\/div>\n\t\t\t\t<\/div>\n\t\t\t\t\t<\/div>\n\t\t<\/div>\n\t\t\t\t\t<\/div>\n\t\t<\/section>\n\t\t\t\t<section class=\"elementor-section elementor-top-section elementor-element elementor-element-fd3c5fa elementor-section-boxed elementor-section-height-default elementor-section-height-default\" data-id=\"fd3c5fa\" data-element_type=\"section\">\n\t\t\t\t\t\t<div class=\"elementor-container elementor-column-gap-default\">\n\t\t\t\t\t<div class=\"elementor-column elementor-col-100 elementor-top-column elementor-element elementor-element-1b6d7a6\" data-id=\"1b6d7a6\" data-element_type=\"column\">\n\t\t\t<div class=\"elementor-widget-wrap\">\n\t\t\t\t\t\t\t<\/div>\n\t\t<\/div>\n\t\t\t\t\t<\/div>\n\t\t<\/section>\n\t\t<div class=\"elementor-element elementor-element-88c3219 e-con-full e-flex e-con e-parent\" data-id=\"88c3219\" data-element_type=\"container\">\n\t\t\t\t<div class=\"elementor-element elementor-element-7b4a77b elementor-widget elementor-widget-heading\" data-id=\"7b4a77b\" data-element_type=\"widget\" data-widget_type=\"heading.default\">\n\t\t\t\t<div class=\"elementor-widget-container\">\n\t\t\t\t\t<h1 class=\"elementor-heading-title elementor-size-default\">Job offer<\/h1>\t\t\t\t<\/div>\n\t\t\t\t<\/div>\n\t\t\t\t<div class=\"elementor-element elementor-element-e989f1f elementor-widget__width-inherit elementor-widget elementor-widget-text-editor\" data-id=\"e989f1f\" data-element_type=\"widget\" data-widget_type=\"text-editor.default\">\n\t\t\t\t<div class=\"elementor-widget-container\">\n\t\t\t\t\t\t\t\t\t<p>Interested in joining the club? Check out our openings and send us your application.<\/p><p>Contact us at: <a href=\"mailto:info@lescitadinsnatation.com\" target=\"_blank\" rel=\"noopener\">info@lescitadinsnatation.com<\/a>.<\/p>\t\t\t\t\t\t\t\t<\/div>\n\t\t\t\t<\/div>\n\t\t<div class=\"elementor-element elementor-element-d6f2e94 e-con-full e-flex e-con e-child\" data-id=\"d6f2e94\" data-element_type=\"container\" data-settings=\"{&quot;background_background&quot;:&quot;classic&quot;}\">\n\t\t<div class=\"elementor-element elementor-element-b8598d4 e-con-full elementor-hidden-desktop elementor-hidden-tablet elementor-hidden-mobile e-flex e-con e-child\" data-id=\"b8598d4\" data-element_type=\"container\">\n\t\t\t\t<div class=\"elementor-element elementor-element-a1b4633 elementor-widget elementor-widget-heading\" data-id=\"a1b4633\" data-element_type=\"widget\" data-widget_type=\"heading.default\">\n\t\t\t\t<div class=\"elementor-widget-container\">\n\t\t\t\t\t<h3 class=\"elementor-heading-title elementor-size-default\">No offers available <\/h3>\t\t\t\t<\/div>\n\t\t\t\t<\/div>\n\t\t\t\t<\/div>\n\t\t<div class=\"elementor-element elementor-element-b24dce8 e-con-full e-flex e-con e-child\" data-id=\"b24dce8\" data-element_type=\"container\" data-settings=\"{&quot;background_background&quot;:&quot;gradient&quot;}\">\n\t\t<div class=\"elementor-element elementor-element-f1d6dc7 e-con-full e-flex e-con e-child\" data-id=\"f1d6dc7\" data-element_type=\"container\">\n\t\t\t\t<div class=\"elementor-element elementor-element-99f7e1e elementor-widget elementor-widget-heading\" data-id=\"99f7e1e\" data-element_type=\"widget\" data-widget_type=\"heading.default\">\n\t\t\t\t<div class=\"elementor-widget-container\">\n\t\t\t\t\t<h1 class=\"elementor-heading-title elementor-size-default\">Entraineur-chef<\/h1>\t\t\t\t<\/div>\n\t\t\t\t<\/div>\n\t\t\t\t<div class=\"elementor-element elementor-element-0e32db5 elementor-widget elementor-widget-text-editor\" data-id=\"0e32db5\" data-element_type=\"widget\" data-widget_type=\"text-editor.default\">\n\t\t\t\t<div class=\"elementor-widget-container\">\n\t\t\t\t\t\t\t\t\t<p><span style=\"color: #000000;\"><strong>Description g\u00e9n\u00e9rale du poste<\/strong> <\/span><br \/><span style=\"color: #000000;\">Le Club est \u00e0 la recherche d\u2019un entra\u00eeneur-chef pour la prochaine saison 2026-2027.\u00a0<\/span><\/p><p><span style=\"color: #000000;\"><strong>Entr\u00e9e en fonction<\/strong> <\/span><br \/><span style=\"color: #000000;\">\u00c9t\u00e9 2026<\/span><\/p><p><span style=\"color: #000000;\"><strong>Proc\u00e9dure<\/strong><\/span><br \/><span style=\"color: #000000;\">Les personnes int\u00e9ress\u00e9es doivent faire parvenir leur candidature par courriel \u00e0<\/span><br \/><span style=\"color: #000000;\">president@lescitadinsnatation.com.<\/span><\/p>\t\t\t\t\t\t\t\t<\/div>\n\t\t\t\t<\/div>\n\t\t\t\t<\/div>\n\t\t<div class=\"elementor-element elementor-element-16f7178 e-con-full e-flex e-con e-child\" data-id=\"16f7178\" data-element_type=\"container\">\n\t\t<div class=\"elementor-element elementor-element-d65b1ac e-con-full e-flex e-con e-child\" data-id=\"d65b1ac\" data-element_type=\"container\">\n\t\t\t\t<div class=\"elementor-element elementor-element-3ce25ec elementor-widget elementor-widget-pdf_viewer\" data-id=\"3ce25ec\" data-element_type=\"widget\" data-widget_type=\"pdf_viewer.default\">\n\t\t\t\t<div class=\"elementor-widget-container\">\n\t\t\t\t\t<iframe src=\"https:\/\/docs.google.com\/viewer?url=https:\/\/www.lescitadinsnatation.com\/wp-content\/uploads\/2026\/04\/Description-Entraineur-chef-avril2026.pdf&amp;embedded=true\" style=\"display: block; margin-left: auto; margin-right: auto; width: 100%; height: 100%;\" frameborder=\"1\" marginheight=\"0px\" marginwidth=\"0px\" allowfullscreen><\/iframe>\t\t\t\t<\/div>\n\t\t\t\t<\/div>\n\t\t\t\t<\/div>\n\t\t\t\t<\/div>\n\t\t\t\t<\/div>\n\t\t\t\t<\/div>\n\t\t\t\t<\/div>\n\t\t\t\t<\/div>","protected":false},"excerpt":{"rendered":"<p>Emplois Offre d&#8217;emploi Vous souhaitez vous joindre au club ? Consulter les offres et faites nous parvenir votre candidature. Communiquez avec nous \u00e0 : info@lescitadinsnatation.com. Aucune offre disponible Entraineur-chef Description g\u00e9n\u00e9rale du poste Le Club est \u00e0 la recherche d\u2019un entra\u00eeneur-chef pour la prochaine saison 2026-2027.\u00a0 Entr\u00e9e en fonction \u00c9t\u00e9 2026 Proc\u00e9dureLes personnes int\u00e9ress\u00e9es doivent &hellip; <\/p>\n<p class=\"link-more\"><a href=\"https:\/\/www.lescitadinsnatation.com\/en\/emplois\/\" class=\"more-link\">Read more<span class=\"screen-reader-text\"> \u00ab\u00a0Emplois\u00a0\u00bb<\/span><\/a><\/p>","protected":false},"author":1,"featured_media":0,"parent":0,"menu_order":0,"comment_status":"closed","ping_status":"closed","template":"page-templates\/full-width-transparent.php","meta":{"footnotes":""},"class_list":["post-3480","page","type-page","status-publish","hentry"],"yoast_head":"<!-- This site is optimized with the Yoast SEO plugin v26.3 - https:\/\/yoast.com\/wordpress\/plugins\/seo\/ -->\n<title>Emplois - Les Citadins Natation<\/title>\n<meta name=\"robots\" content=\"index, follow, max-snippet:-1, max-image-preview:large, max-video-preview:-1\" \/>\n<link rel=\"canonical\" href=\"https:\/\/www.lescitadinsnatation.com\/en\/emplois\/\" \/>\n<meta property=\"og:locale\" content=\"en_US\" \/>\n<meta property=\"og:type\" content=\"article\" \/>\n<meta property=\"og:title\" content=\"Emplois - Les Citadins Natation\" \/>\n<meta property=\"og:description\" content=\"Emplois Offre d&#8217;emploi Vous souhaitez vous joindre au club ? Consulter les offres et faites nous parvenir votre candidature. Communiquez avec nous \u00e0 : info@lescitadinsnatation.com. Aucune offre disponible Entraineur-chef Description g\u00e9n\u00e9rale du poste Le Club est \u00e0 la recherche d\u2019un entra\u00eeneur-chef pour la prochaine saison 2026-2027.\u00a0 Entr\u00e9e en fonction \u00c9t\u00e9 2026 Proc\u00e9dureLes personnes int\u00e9ress\u00e9es doivent &hellip; Read more &quot;Emplois&quot;\" \/>\n<meta property=\"og:url\" content=\"https:\/\/www.lescitadinsnatation.com\/en\/emplois\/\" \/>\n<meta property=\"og:site_name\" content=\"Les Citadins Natation\" \/>\n<meta property=\"article:modified_time\" content=\"2026-04-29T00:40:15+00:00\" \/>\n<meta name=\"twitter:label1\" content=\"Est. reading time\" \/>\n\t<meta name=\"twitter:data1\" content=\"1 minute\" \/>\n<script type=\"application\/ld+json\" class=\"yoast-schema-graph\">{\"@context\":\"https:\/\/schema.org\",\"@graph\":[{\"@type\":\"WebPage\",\"@id\":\"https:\/\/www.lescitadinsnatation.com\/emplois\/\",\"url\":\"https:\/\/www.lescitadinsnatation.com\/emplois\/\",\"name\":\"Emplois - Les Citadins Natation\",\"isPartOf\":{\"@id\":\"https:\/\/wp212640.wpdns.ca\/fr\/accueil\/#website\"},\"datePublished\":\"2025-03-30T22:36:17+00:00\",\"dateModified\":\"2026-04-29T00:40:15+00:00\",\"breadcrumb\":{\"@id\":\"https:\/\/www.lescitadinsnatation.com\/emplois\/#breadcrumb\"},\"inLanguage\":\"en-CA\",\"potentialAction\":[{\"@type\":\"ReadAction\",\"target\":[\"https:\/\/www.lescitadinsnatation.com\/emplois\/\"]}]},{\"@type\":\"BreadcrumbList\",\"@id\":\"https:\/\/www.lescitadinsnatation.com\/emplois\/#breadcrumb\",\"itemListElement\":[{\"@type\":\"ListItem\",\"position\":1,\"name\":\"Home\",\"item\":\"https:\/\/www.lescitadinsnatation.com\/\"},{\"@type\":\"ListItem\",\"position\":2,\"name\":\"Emplois\"}]},{\"@type\":\"WebSite\",\"@id\":\"https:\/\/wp212640.wpdns.ca\/fr\/accueil\/#website\",\"url\":\"https:\/\/wp212640.wpdns.ca\/fr\/accueil\/\",\"name\":\"Les Citadins Natation\",\"description\":\"Atteindre l&#039;excellence, une longueur \u00e0 la fois !\",\"publisher\":{\"@id\":\"https:\/\/wp212640.wpdns.ca\/fr\/accueil\/#organization\"},\"potentialAction\":[{\"@type\":\"SearchAction\",\"target\":{\"@type\":\"EntryPoint\",\"urlTemplate\":\"https:\/\/wp212640.wpdns.ca\/fr\/accueil\/?s={search_term_string}\"},\"query-input\":{\"@type\":\"PropertyValueSpecification\",\"valueRequired\":true,\"valueName\":\"search_term_string\"}}],\"inLanguage\":\"en-CA\"},{\"@type\":\"Organization\",\"@id\":\"https:\/\/wp212640.wpdns.ca\/fr\/accueil\/#organization\",\"name\":\"Les Citadins Natation\",\"url\":\"https:\/\/wp212640.wpdns.ca\/fr\/accueil\/\",\"logo\":{\"@type\":\"ImageObject\",\"inLanguage\":\"en-CA\",\"@id\":\"https:\/\/wp212640.wpdns.ca\/fr\/accueil\/#\/schema\/logo\/image\/\",\"url\":\"https:\/\/www.lescitadinsnatation.com\/wp-content\/uploads\/2025\/04\/Logo_CitadinsNatation_AvecTexte_Avril2025.png\",\"contentUrl\":\"https:\/\/www.lescitadinsnatation.com\/wp-content\/uploads\/2025\/04\/Logo_CitadinsNatation_AvecTexte_Avril2025.png\",\"width\":690,\"height\":427,\"caption\":\"Les Citadins Natation\"},\"image\":{\"@id\":\"https:\/\/wp212640.wpdns.ca\/fr\/accueil\/#\/schema\/logo\/image\/\"}}]}<\/script>\n<!-- \/ Yoast SEO plugin. -->","yoast_head_json":{"title":"Emplois - Les Citadins Natation","robots":{"index":"index","follow":"follow","max-snippet":"max-snippet:-1","max-image-preview":"max-image-preview:large","max-video-preview":"max-video-preview:-1"},"canonical":"https:\/\/www.lescitadinsnatation.com\/en\/emplois\/","og_locale":"en_US","og_type":"article","og_title":"Emplois - Les Citadins Natation","og_description":"Emplois Offre d&#8217;emploi Vous souhaitez vous joindre au club ? Consulter les offres et faites nous parvenir votre candidature. Communiquez avec nous \u00e0 : info@lescitadinsnatation.com. Aucune offre disponible Entraineur-chef Description g\u00e9n\u00e9rale du poste Le Club est \u00e0 la recherche d\u2019un entra\u00eeneur-chef pour la prochaine saison 2026-2027.\u00a0 Entr\u00e9e en fonction \u00c9t\u00e9 2026 Proc\u00e9dureLes personnes int\u00e9ress\u00e9es doivent &hellip; Read more \"Emplois\"","og_url":"https:\/\/www.lescitadinsnatation.com\/en\/emplois\/","og_site_name":"Les Citadins Natation","article_modified_time":"2026-04-29T00:40:15+00:00","twitter_misc":{"Est. reading time":"1 minute"},"schema":{"@context":"https:\/\/schema.org","@graph":[{"@type":"WebPage","@id":"https:\/\/www.lescitadinsnatation.com\/emplois\/","url":"https:\/\/www.lescitadinsnatation.com\/emplois\/","name":"Emplois - Les Citadins Natation","isPartOf":{"@id":"https:\/\/wp212640.wpdns.ca\/fr\/accueil\/#website"},"datePublished":"2025-03-30T22:36:17+00:00","dateModified":"2026-04-29T00:40:15+00:00","breadcrumb":{"@id":"https:\/\/www.lescitadinsnatation.com\/emplois\/#breadcrumb"},"inLanguage":"en-CA","potentialAction":[{"@type":"ReadAction","target":["https:\/\/www.lescitadinsnatation.com\/emplois\/"]}]},{"@type":"BreadcrumbList","@id":"https:\/\/www.lescitadinsnatation.com\/emplois\/#breadcrumb","itemListElement":[{"@type":"ListItem","position":1,"name":"Home","item":"https:\/\/www.lescitadinsnatation.com\/"},{"@type":"ListItem","position":2,"name":"Emplois"}]},{"@type":"WebSite","@id":"https:\/\/wp212640.wpdns.ca\/fr\/accueil\/#website","url":"https:\/\/wp212640.wpdns.ca\/fr\/accueil\/","name":"Les Citadins Natation","description":"Achieve excellence, one step at a time!","publisher":{"@id":"https:\/\/wp212640.wpdns.ca\/fr\/accueil\/#organization"},"potentialAction":[{"@type":"SearchAction","target":{"@type":"EntryPoint","urlTemplate":"https:\/\/wp212640.wpdns.ca\/fr\/accueil\/?s={search_term_string}"},"query-input":{"@type":"PropertyValueSpecification","valueRequired":true,"valueName":"search_term_string"}}],"inLanguage":"en-CA"},{"@type":"Organization","@id":"https:\/\/wp212640.wpdns.ca\/fr\/accueil\/#organization","name":"Les Citadins Natation","url":"https:\/\/wp212640.wpdns.ca\/fr\/accueil\/","logo":{"@type":"ImageObject","inLanguage":"en-CA","@id":"https:\/\/wp212640.wpdns.ca\/fr\/accueil\/#\/schema\/logo\/image\/","url":"https:\/\/www.lescitadinsnatation.com\/wp-content\/uploads\/2025\/04\/Logo_CitadinsNatation_AvecTexte_Avril2025.png","contentUrl":"https:\/\/www.lescitadinsnatation.com\/wp-content\/uploads\/2025\/04\/Logo_CitadinsNatation_AvecTexte_Avril2025.png","width":690,"height":427,"caption":"Les Citadins Natation"},"image":{"@id":"https:\/\/wp212640.wpdns.ca\/fr\/accueil\/#\/schema\/logo\/image\/"}}]}},"_links":{"self":[{"href":"https:\/\/www.lescitadinsnatation.com\/en\/wp-json\/wp\/v2\/pages\/3480","targetHints":{"allow":["GET"]}}],"collection":[{"href":"https:\/\/www.lescitadinsnatation.com\/en\/wp-json\/wp\/v2\/pages"}],"about":[{"href":"https:\/\/www.lescitadinsnatation.com\/en\/wp-json\/wp\/v2\/types\/page"}],"author":[{"embeddable":true,"href":"https:\/\/www.lescitadinsnatation.com\/en\/wp-json\/wp\/v2\/users\/1"}],"replies":[{"embeddable":true,"href":"https:\/\/www.lescitadinsnatation.com\/en\/wp-json\/wp\/v2\/comments?post=3480"}],"version-history":[{"count":49,"href":"https:\/\/www.lescitadinsnatation.com\/en\/wp-json\/wp\/v2\/pages\/3480\/revisions"}],"predecessor-version":[{"id":4277,"href":"https:\/\/www.lescitadinsnatation.com\/en\/wp-json\/wp\/v2\/pages\/3480\/revisions\/4277"}],"wp:attachment":[{"href":"https:\/\/www.lescitadinsnatation.com\/en\/wp-json\/wp\/v2\/media?parent=3480"}],"curies":[{"name":"wp","href":"https:\/\/api.w.org\/{rel}","templated":true}]}}