{"id":705,"date":"2024-01-13T17:04:12","date_gmt":"2024-01-13T21:04:12","guid":{"rendered":"https:\/\/www.lescitadinsnatation.com\/?page_id=705"},"modified":"2024-05-02T17:34:32","modified_gmt":"2024-05-02T21:34:32","slug":"boutique","status":"publish","type":"page","link":"https:\/\/www.lescitadinsnatation.com\/fr\/boutique\/","title":{"rendered":"Boutique"},"content":{"rendered":"\t\t<div data-elementor-type=\"wp-page\" data-elementor-id=\"705\" class=\"elementor elementor-705\">\n\t\t\t\t\t\t<section class=\"elementor-section elementor-top-section elementor-element elementor-element-9b71510 elementor-section-full_width elementor-section-height-default elementor-section-height-default\" data-id=\"9b71510\" data-element_type=\"section\" data-settings=\"{&quot;background_background&quot;:&quot;classic&quot;,&quot;animation&quot;:&quot;none&quot;}\">\n\t\t\t\t\t\t\t<div class=\"elementor-background-overlay\"><\/div>\n\t\t\t\t\t\t\t<div class=\"elementor-container elementor-column-gap-default\">\n\t\t\t\t\t<div class=\"elementor-column elementor-col-100 elementor-top-column elementor-element elementor-element-12a56d53\" data-id=\"12a56d53\" data-element_type=\"column\" data-settings=\"{&quot;background_background&quot;:&quot;classic&quot;}\">\n\t\t\t<div class=\"elementor-widget-wrap elementor-element-populated\">\n\t\t\t\t\t<div class=\"elementor-background-overlay\"><\/div>\n\t\t\t\t\t\t<div class=\"elementor-element elementor-element-4b631b7 elementor-widget__width-inherit elementor-widget elementor-widget-heading\" data-id=\"4b631b7\" data-element_type=\"widget\" data-settings=\"{&quot;_animation&quot;:&quot;none&quot;}\" data-widget_type=\"heading.default\">\n\t\t\t\t<div class=\"elementor-widget-container\">\n\t\t\t\t\t<h1 class=\"elementor-heading-title elementor-size-default\">Boutique<\/h1>\t\t\t\t<\/div>\n\t\t\t\t<\/div>\n\t\t\t\t\t<\/div>\n\t\t<\/div>\n\t\t\t\t\t<\/div>\n\t\t<\/section>\n\t\t<div class=\"elementor-element elementor-element-4134553 e-flex e-con-boxed e-con e-parent\" data-id=\"4134553\" data-element_type=\"container\" data-settings=\"{&quot;background_background&quot;:&quot;classic&quot;}\">\n\t\t\t\t\t<div class=\"e-con-inner\">\n\t\t\t\t<div class=\"elementor-element elementor-element-48d1caf elementor-widget elementor-widget-heading\" data-id=\"48d1caf\" data-element_type=\"widget\" data-widget_type=\"heading.default\">\n\t\t\t\t<div class=\"elementor-widget-container\">\n\t\t\t\t\t<h2 class=\"elementor-heading-title elementor-size-default\">V\u00eatements du club les Citadins Natation \n<\/h2>\t\t\t\t<\/div>\n\t\t\t\t<\/div>\n\t\t\t\t\t<\/div>\n\t\t\t\t<\/div>\n\t\t<div class=\"elementor-element elementor-element-5ebd4eb e-flex e-con-boxed e-con e-parent\" data-id=\"5ebd4eb\" data-element_type=\"container\">\n\t\t\t\t\t<div class=\"e-con-inner\">\n\t\t\t\t<div class=\"elementor-element elementor-element-3de0cda elementor-widget elementor-widget-heading\" data-id=\"3de0cda\" data-element_type=\"widget\" data-widget_type=\"heading.default\">\n\t\t\t\t<div class=\"elementor-widget-container\">\n\t\t\t\t\t<h3 class=\"elementor-heading-title elementor-size-default\">Achats en ligne<\/h3>\t\t\t\t<\/div>\n\t\t\t\t<\/div>\n\t\t<div class=\"elementor-element elementor-element-5f0b052 e-flex e-con-boxed e-con e-child\" data-id=\"5f0b052\" data-element_type=\"container\">\n\t\t\t\t\t<div class=\"e-con-inner\">\n\t\t<div class=\"elementor-element elementor-element-a22e594 e-con-full e-flex e-con e-child\" data-id=\"a22e594\" data-element_type=\"container\" data-settings=\"{&quot;background_background&quot;:&quot;gradient&quot;}\">\n\t\t\t\t<div class=\"elementor-element elementor-element-ee8ce02 elementor-arrows-position-inside elementor-pagination-position-outside elementor-widget elementor-widget-image-carousel\" data-id=\"ee8ce02\" data-element_type=\"widget\" data-settings=\"{&quot;slides_to_show&quot;:&quot;1&quot;,&quot;effect&quot;:&quot;fade&quot;,&quot;navigation&quot;:&quot;both&quot;,&quot;autoplay&quot;:&quot;yes&quot;,&quot;pause_on_hover&quot;:&quot;yes&quot;,&quot;pause_on_interaction&quot;:&quot;yes&quot;,&quot;autoplay_speed&quot;:5000,&quot;infinite&quot;:&quot;yes&quot;,&quot;speed&quot;:500}\" data-widget_type=\"image-carousel.default\">\n\t\t\t\t<div class=\"elementor-widget-container\">\n\t\t\t\t\t\t\t<div class=\"elementor-image-carousel-wrapper swiper\" role=\"region\" aria-roledescription=\"carousel\" aria-label=\"Carrousel d\u2019images\" dir=\"ltr\">\n\t\t\t<div class=\"elementor-image-carousel swiper-wrapper\" aria-live=\"off\">\n\t\t\t\t\t\t\t\t<div class=\"swiper-slide\" role=\"group\" aria-roledescription=\"slide\" aria-label=\"1 of 7\"><figure class=\"swiper-slide-inner\"><img decoding=\"async\" class=\"swiper-slide-image\" src=\"https:\/\/www.lescitadinsnatation.com\/wp-content\/uploads\/2024\/03\/Boutique_Chandail_Natation_Avant-300x300.png\" alt=\"Chandail rouge \u00e0 capuchon en molleton\" \/><figcaption class=\"elementor-image-carousel-caption\">Chandail rouge \u00e0 capuchon en molleton<\/figcaption><\/figure><\/div><div class=\"swiper-slide\" role=\"group\" aria-roledescription=\"slide\" aria-label=\"2 of 7\"><figure class=\"swiper-slide-inner\"><img decoding=\"async\" class=\"swiper-slide-image\" src=\"https:\/\/www.lescitadinsnatation.com\/wp-content\/uploads\/2024\/03\/Boutique_Chandail_Natation_Arriere-300x300.png\" alt=\"Personnalisation des chandails\" \/><figcaption class=\"elementor-image-carousel-caption\">Personnalisation des chandails<\/figcaption><\/figure><\/div><div class=\"swiper-slide\" role=\"group\" aria-roledescription=\"slide\" aria-label=\"3 of 7\"><figure class=\"swiper-slide-inner\"><img decoding=\"async\" class=\"swiper-slide-image\" src=\"https:\/\/www.lescitadinsnatation.com\/wp-content\/uploads\/2024\/03\/Boutique_Chandail_Natation_Gris-300x300.png\" alt=\"Chandail gris \u00e0 capuchon en molleton\" \/><figcaption class=\"elementor-image-carousel-caption\">Chandail gris \u00e0 capuchon en molleton<\/figcaption><\/figure><\/div><div class=\"swiper-slide\" role=\"group\" aria-roledescription=\"slide\" aria-label=\"4 of 7\"><figure class=\"swiper-slide-inner\"><img decoding=\"async\" class=\"swiper-slide-image\" src=\"https:\/\/www.lescitadinsnatation.com\/wp-content\/uploads\/2024\/03\/Boutique_Patalon_Natation_1-300x300.png\" alt=\"Patalons d&#039;exercice - Petit logo\" \/><figcaption class=\"elementor-image-carousel-caption\">Patalons d'exercice - Petit logo<\/figcaption><\/figure><\/div><div class=\"swiper-slide\" role=\"group\" aria-roledescription=\"slide\" aria-label=\"5 of 7\"><figure class=\"swiper-slide-inner\"><img decoding=\"async\" class=\"swiper-slide-image\" src=\"https:\/\/www.lescitadinsnatation.com\/wp-content\/uploads\/2024\/03\/Boutique_Patalon_Natation_2-300x300.png\" alt=\"Patalons d&#039;exercice - Gros logo\" \/><figcaption class=\"elementor-image-carousel-caption\">Patalons d'exercice - Gros logo<\/figcaption><\/figure><\/div><div class=\"swiper-slide\" role=\"group\" aria-roledescription=\"slide\" aria-label=\"6 of 7\"><figure class=\"swiper-slide-inner\"><img decoding=\"async\" class=\"swiper-slide-image\" src=\"https:\/\/www.lescitadinsnatation.com\/wp-content\/uploads\/2024\/03\/Boutique_Manteau_Natation-300x300.png\" alt=\"Manteau Les Citadins\" \/><figcaption class=\"elementor-image-carousel-caption\">Manteau Les Citadins<\/figcaption><\/figure><\/div><div class=\"swiper-slide\" role=\"group\" aria-roledescription=\"slide\" aria-label=\"7 of 7\"><figure class=\"swiper-slide-inner\"><img decoding=\"async\" class=\"swiper-slide-image\" src=\"https:\/\/www.lescitadinsnatation.com\/wp-content\/uploads\/2024\/03\/Boutique_SacCorde_Natation-300x300.png\" alt=\"Sac \u00e0 cordes\" \/><figcaption class=\"elementor-image-carousel-caption\">Sac \u00e0 cordes<\/figcaption><\/figure><\/div>\t\t\t<\/div>\n\t\t\t\t\t\t\t\t\t\t\t\t<div class=\"elementor-swiper-button elementor-swiper-button-prev\" role=\"button\" tabindex=\"0\">\n\t\t\t\t\t\t<i aria-hidden=\"true\" class=\"eicon-chevron-left\"><\/i>\t\t\t\t\t<\/div>\n\t\t\t\t\t<div class=\"elementor-swiper-button elementor-swiper-button-next\" role=\"button\" tabindex=\"0\">\n\t\t\t\t\t\t<i aria-hidden=\"true\" class=\"eicon-chevron-right\"><\/i>\t\t\t\t\t<\/div>\n\t\t\t\t\n\t\t\t\t\t\t\t\t\t<div class=\"swiper-pagination\"><\/div>\n\t\t\t\t\t\t\t\t\t<\/div>\n\t\t\t\t\t\t<\/div>\n\t\t\t\t<\/div>\n\t\t\t\t<\/div>\n\t\t<div class=\"elementor-element elementor-element-cf73030 e-con-full e-flex e-con e-child\" data-id=\"cf73030\" data-element_type=\"container\">\n\t\t\t\t<div class=\"elementor-element elementor-element-0449764 elementor-widget elementor-widget-text-editor\" data-id=\"0449764\" data-element_type=\"widget\" data-widget_type=\"text-editor.default\">\n\t\t\t\t<div class=\"elementor-widget-container\">\n\t\t\t\t\t\t\t\t\t<p style=\"text-align: left;\">Divers produits peuvent \u00eatre command\u00e9s en ligne sur le site web de <span style=\"color: #ff0000;\"><strong>Lavoie La Source du Sport<\/strong><\/span> de Salaberry-de-Valleyfield.<\/p>\t\t\t\t\t\t\t\t<\/div>\n\t\t\t\t<\/div>\n\t\t\t\t<div class=\"elementor-element elementor-element-0d75538 elementor-widget elementor-widget-image\" data-id=\"0d75538\" data-element_type=\"widget\" data-widget_type=\"image.default\">\n\t\t\t\t<div class=\"elementor-widget-container\">\n\t\t\t\t\t\t\t\t\t\t\t\t\t\t\t\t<a href=\"https:\/\/lavoielasourcedusport.com\/Citadins\" target=\"_blank\">\n\t\t\t\t\t\t\t<img decoding=\"async\" width=\"300\" height=\"110\" src=\"https:\/\/www.lescitadinsnatation.com\/wp-content\/uploads\/2024\/03\/Boutique_Lavoie-sport-logo-site-300x110.png\" class=\"attachment-medium size-medium wp-image-1934\" alt=\"\" srcset=\"https:\/\/www.lescitadinsnatation.com\/wp-content\/uploads\/2024\/03\/Boutique_Lavoie-sport-logo-site-300x110.png 300w, https:\/\/www.lescitadinsnatation.com\/wp-content\/uploads\/2024\/03\/Boutique_Lavoie-sport-logo-site-1024x376.png 1024w, https:\/\/www.lescitadinsnatation.com\/wp-content\/uploads\/2024\/03\/Boutique_Lavoie-sport-logo-site-18x7.png 18w, https:\/\/www.lescitadinsnatation.com\/wp-content\/uploads\/2024\/03\/Boutique_Lavoie-sport-logo-site.png 1366w\" sizes=\"100vw\" \/>\t\t\t\t\t\t\t\t<\/a>\n\t\t\t\t\t\t\t\t\t\t\t\t\t\t\t<\/div>\n\t\t\t\t<\/div>\n\t\t\t\t<\/div>\n\t\t\t\t\t<\/div>\n\t\t\t\t<\/div>\n\t\t\t\t\t<\/div>\n\t\t\t\t<\/div>\n\t\t<div class=\"elementor-element elementor-element-b81add1 e-flex e-con-boxed e-con e-parent\" data-id=\"b81add1\" data-element_type=\"container\">\n\t\t\t\t\t<div class=\"e-con-inner\">\n\t\t\t\t<div class=\"elementor-element elementor-element-e6e27b2 elementor-widget-divider--view-line elementor-widget elementor-widget-divider\" data-id=\"e6e27b2\" data-element_type=\"widget\" data-widget_type=\"divider.default\">\n\t\t\t\t<div class=\"elementor-widget-container\">\n\t\t\t\t\t\t\t<div class=\"elementor-divider\">\n\t\t\t<span class=\"elementor-divider-separator\">\n\t\t\t\t\t\t<\/span>\n\t\t<\/div>\n\t\t\t\t\t\t<\/div>\n\t\t\t\t<\/div>\n\t\t\t\t\t<\/div>\n\t\t\t\t<\/div>\n\t\t<div class=\"elementor-element elementor-element-f374056 e-flex e-con-boxed e-con e-parent\" data-id=\"f374056\" data-element_type=\"container\">\n\t\t\t\t\t<div class=\"e-con-inner\">\n\t\t\t\t<div class=\"elementor-element elementor-element-b1c6fe4 elementor-widget elementor-widget-heading\" data-id=\"b1c6fe4\" data-element_type=\"widget\" data-widget_type=\"heading.default\">\n\t\t\t\t<div class=\"elementor-widget-container\">\n\t\t\t\t\t<h3 class=\"elementor-heading-title elementor-size-default\">Achats sur demande<\/h3>\t\t\t\t<\/div>\n\t\t\t\t<\/div>\n\t\t<div class=\"elementor-element elementor-element-f68859e e-flex e-con-boxed e-con e-child\" data-id=\"f68859e\" data-element_type=\"container\">\n\t\t\t\t\t<div class=\"e-con-inner\">\n\t\t<div class=\"elementor-element elementor-element-a6d8abd e-con-full e-flex e-con e-child\" data-id=\"a6d8abd\" data-element_type=\"container\" data-settings=\"{&quot;background_background&quot;:&quot;gradient&quot;}\">\n\t\t\t\t<div class=\"elementor-element elementor-element-7bbaf04 elementor-arrows-position-inside elementor-pagination-position-outside elementor-widget elementor-widget-image-carousel\" data-id=\"7bbaf04\" data-element_type=\"widget\" data-settings=\"{&quot;slides_to_show&quot;:&quot;1&quot;,&quot;effect&quot;:&quot;fade&quot;,&quot;navigation&quot;:&quot;both&quot;,&quot;autoplay&quot;:&quot;yes&quot;,&quot;pause_on_hover&quot;:&quot;yes&quot;,&quot;pause_on_interaction&quot;:&quot;yes&quot;,&quot;autoplay_speed&quot;:5000,&quot;infinite&quot;:&quot;yes&quot;,&quot;speed&quot;:500}\" data-widget_type=\"image-carousel.default\">\n\t\t\t\t<div class=\"elementor-widget-container\">\n\t\t\t\t\t\t\t<div class=\"elementor-image-carousel-wrapper swiper\" role=\"region\" aria-roledescription=\"carousel\" aria-label=\"Carrousel d\u2019images\" dir=\"ltr\">\n\t\t\t<div class=\"elementor-image-carousel swiper-wrapper\" aria-live=\"off\">\n\t\t\t\t\t\t\t\t<div class=\"swiper-slide\" role=\"group\" aria-roledescription=\"slide\" aria-label=\"1 of 4\"><figure class=\"swiper-slide-inner\"><img decoding=\"async\" class=\"swiper-slide-image\" src=\"https:\/\/www.lescitadinsnatation.com\/wp-content\/uploads\/2024\/03\/Boutique_Maillot_Femme_Aquam-e1713482743581.png\" alt=\"Maillot - Femme\" \/><figcaption class=\"elementor-image-carousel-caption\">Maillot - Femme<\/figcaption><\/figure><\/div><div class=\"swiper-slide\" role=\"group\" aria-roledescription=\"slide\" aria-label=\"2 of 4\"><figure class=\"swiper-slide-inner\"><img decoding=\"async\" class=\"swiper-slide-image\" src=\"https:\/\/www.lescitadinsnatation.com\/wp-content\/uploads\/2024\/03\/Boutique_Maillot_Homme_Aquam.png\" alt=\"Maillot - Homme\" \/><figcaption class=\"elementor-image-carousel-caption\">Maillot - Homme<\/figcaption><\/figure><\/div><div class=\"swiper-slide\" role=\"group\" aria-roledescription=\"slide\" aria-label=\"3 of 4\"><figure class=\"swiper-slide-inner\"><img decoding=\"async\" class=\"swiper-slide-image\" src=\"https:\/\/www.lescitadinsnatation.com\/wp-content\/uploads\/2024\/03\/Boutique_Parka_Aquam-e1713482918328.png\" alt=\"Parka\" \/><figcaption class=\"elementor-image-carousel-caption\">Parka<\/figcaption><\/figure><\/div><div class=\"swiper-slide\" role=\"group\" aria-roledescription=\"slide\" aria-label=\"4 of 4\"><figure class=\"swiper-slide-inner\"><img decoding=\"async\" class=\"swiper-slide-image\" src=\"https:\/\/www.lescitadinsnatation.com\/wp-content\/uploads\/2024\/03\/Boutique_SacADos_Aquam-e1713482814834.png\" alt=\"Sac \u00e0 dos\" \/><figcaption class=\"elementor-image-carousel-caption\">Sac \u00e0 dos<\/figcaption><\/figure><\/div>\t\t\t<\/div>\n\t\t\t\t\t\t\t\t\t\t\t\t<div class=\"elementor-swiper-button elementor-swiper-button-prev\" role=\"button\" tabindex=\"0\">\n\t\t\t\t\t\t<i aria-hidden=\"true\" class=\"eicon-chevron-left\"><\/i>\t\t\t\t\t<\/div>\n\t\t\t\t\t<div class=\"elementor-swiper-button elementor-swiper-button-next\" role=\"button\" tabindex=\"0\">\n\t\t\t\t\t\t<i aria-hidden=\"true\" class=\"eicon-chevron-right\"><\/i>\t\t\t\t\t<\/div>\n\t\t\t\t\n\t\t\t\t\t\t\t\t\t<div class=\"swiper-pagination\"><\/div>\n\t\t\t\t\t\t\t\t\t<\/div>\n\t\t\t\t\t\t<\/div>\n\t\t\t\t<\/div>\n\t\t\t\t<\/div>\n\t\t<div class=\"elementor-element elementor-element-fe5b9a4 e-con-full e-flex e-con e-child\" data-id=\"fe5b9a4\" data-element_type=\"container\">\n\t\t\t\t<div class=\"elementor-element elementor-element-fd4618f elementor-widget elementor-widget-text-editor\" data-id=\"fd4618f\" data-element_type=\"widget\" data-widget_type=\"text-editor.default\">\n\t\t\t\t<div class=\"elementor-widget-container\">\n\t\t\t\t\t\t\t\t\t<p style=\"text-align: left;\">Des produits sont command\u00e9s en lot par le club chez des distributeurs.<\/p>\n<p>Veuillez communiquer avec le club pour obtenir des informations <a href=\"mailto:info@lescitadinsnatation.com\" target=\"_blank\" rel=\"noopener\">info@lescitadinsnatation.com<\/a><\/p>\t\t\t\t\t\t\t\t<\/div>\n\t\t\t\t<\/div>\n\t\t\t\t<\/div>\n\t\t\t\t\t<\/div>\n\t\t\t\t<\/div>\n\t\t\t\t\t<\/div>\n\t\t\t\t<\/div>\n\t\t\t\t<\/div>\n\t\t","protected":false},"excerpt":{"rendered":"<p>Boutique V\u00eatements du club les Citadins Natation Achats en ligne Chandail rouge \u00e0 capuchon en molleton Personnalisation des chandails Chandail gris \u00e0 capuchon en molleton Patalons d&rsquo;exercice &#8211; Petit logo Patalons d&rsquo;exercice &#8211; Gros logo Manteau Les Citadins Sac \u00e0 cordes Divers produits peuvent \u00eatre command\u00e9s en ligne sur le site web de Lavoie La &hellip; <\/p>\n<p class=\"link-more\"><a href=\"https:\/\/www.lescitadinsnatation.com\/fr\/boutique\/\" class=\"more-link\">Read more<span class=\"screen-reader-text\"> \u00ab\u00a0Boutique\u00a0\u00bb<\/span><\/a><\/p>\n","protected":false},"author":1,"featured_media":0,"parent":0,"menu_order":0,"comment_status":"closed","ping_status":"closed","template":"page-templates\/full-width-transparent.php","meta":{"footnotes":""},"class_list":["post-705","page","type-page","status-publish","hentry"],"yoast_head":"<!-- This site is optimized with the Yoast SEO plugin v26.3 - https:\/\/yoast.com\/wordpress\/plugins\/seo\/ -->\n<title>Boutique - Les Citadins Natation<\/title>\n<meta name=\"robots\" content=\"index, follow, max-snippet:-1, max-image-preview:large, max-video-preview:-1\" \/>\n<link rel=\"canonical\" href=\"https:\/\/wp212640.wpdns.ca\/fr\/boutique\/\" \/>\n<meta property=\"og:locale\" content=\"fr_CA\" \/>\n<meta property=\"og:type\" content=\"article\" \/>\n<meta property=\"og:title\" content=\"Boutique - Les Citadins Natation\" \/>\n<meta property=\"og:description\" content=\"Boutique V\u00eatements du club les Citadins Natation Achats en ligne Chandail rouge \u00e0 capuchon en molleton Personnalisation des chandails Chandail gris \u00e0 capuchon en molleton Patalons d&rsquo;exercice &#8211; Petit logo Patalons d&rsquo;exercice &#8211; Gros logo Manteau Les Citadins Sac \u00e0 cordes Divers produits peuvent \u00eatre command\u00e9s en ligne sur le site web de Lavoie La &hellip; Read more &quot;Boutique&quot;\" \/>\n<meta property=\"og:url\" content=\"https:\/\/wp212640.wpdns.ca\/fr\/boutique\/\" \/>\n<meta property=\"og:site_name\" content=\"Les Citadins Natation\" \/>\n<meta property=\"article:modified_time\" content=\"2024-05-02T21:34:32+00:00\" \/>\n<meta property=\"og:image\" content=\"https:\/\/wp212640.wpdns.ca\/wp-content\/uploads\/2024\/03\/Boutique_Chandail_Natation_Avant-300x300.png\" \/>\n<meta name=\"twitter:label1\" content=\"Estimation du temps de lecture\" \/>\n\t<meta name=\"twitter:data1\" content=\"5 minutes\" \/>\n<script type=\"application\/ld+json\" class=\"yoast-schema-graph\">{\"@context\":\"https:\/\/schema.org\",\"@graph\":[{\"@type\":\"WebPage\",\"@id\":\"https:\/\/wp212640.wpdns.ca\/fr\/boutique\/\",\"url\":\"https:\/\/wp212640.wpdns.ca\/fr\/boutique\/\",\"name\":\"Boutique - Les Citadins Natation\",\"isPartOf\":{\"@id\":\"https:\/\/wp212640.wpdns.ca\/fr\/accueil\/#website\"},\"primaryImageOfPage\":{\"@id\":\"https:\/\/wp212640.wpdns.ca\/fr\/boutique\/#primaryimage\"},\"image\":{\"@id\":\"https:\/\/wp212640.wpdns.ca\/fr\/boutique\/#primaryimage\"},\"thumbnailUrl\":\"https:\/\/www.lescitadinsnatation.com\/wp-content\/uploads\/2024\/03\/Boutique_Chandail_Natation_Avant-300x300.png\",\"datePublished\":\"2024-01-13T21:04:12+00:00\",\"dateModified\":\"2024-05-02T21:34:32+00:00\",\"breadcrumb\":{\"@id\":\"https:\/\/wp212640.wpdns.ca\/fr\/boutique\/#breadcrumb\"},\"inLanguage\":\"fr-CA\",\"potentialAction\":[{\"@type\":\"ReadAction\",\"target\":[\"https:\/\/wp212640.wpdns.ca\/fr\/boutique\/\"]}]},{\"@type\":\"ImageObject\",\"inLanguage\":\"fr-CA\",\"@id\":\"https:\/\/wp212640.wpdns.ca\/fr\/boutique\/#primaryimage\",\"url\":\"https:\/\/www.lescitadinsnatation.com\/wp-content\/uploads\/2024\/03\/Boutique_Chandail_Natation_Avant-300x300.png\",\"contentUrl\":\"https:\/\/www.lescitadinsnatation.com\/wp-content\/uploads\/2024\/03\/Boutique_Chandail_Natation_Avant-300x300.png\"},{\"@type\":\"BreadcrumbList\",\"@id\":\"https:\/\/wp212640.wpdns.ca\/fr\/boutique\/#breadcrumb\",\"itemListElement\":[{\"@type\":\"ListItem\",\"position\":1,\"name\":\"Home\",\"item\":\"https:\/\/www.lescitadinsnatation.com\/\"},{\"@type\":\"ListItem\",\"position\":2,\"name\":\"Boutique\"}]},{\"@type\":\"WebSite\",\"@id\":\"https:\/\/wp212640.wpdns.ca\/fr\/accueil\/#website\",\"url\":\"https:\/\/wp212640.wpdns.ca\/fr\/accueil\/\",\"name\":\"Les Citadins Natation\",\"description\":\"Atteindre l&#039;excellence, une longueur \u00e0 la fois !\",\"publisher\":{\"@id\":\"https:\/\/wp212640.wpdns.ca\/fr\/accueil\/#organization\"},\"potentialAction\":[{\"@type\":\"SearchAction\",\"target\":{\"@type\":\"EntryPoint\",\"urlTemplate\":\"https:\/\/wp212640.wpdns.ca\/fr\/accueil\/?s={search_term_string}\"},\"query-input\":{\"@type\":\"PropertyValueSpecification\",\"valueRequired\":true,\"valueName\":\"search_term_string\"}}],\"inLanguage\":\"fr-CA\"},{\"@type\":\"Organization\",\"@id\":\"https:\/\/wp212640.wpdns.ca\/fr\/accueil\/#organization\",\"name\":\"Les Citadins Natation\",\"url\":\"https:\/\/wp212640.wpdns.ca\/fr\/accueil\/\",\"logo\":{\"@type\":\"ImageObject\",\"inLanguage\":\"fr-CA\",\"@id\":\"https:\/\/wp212640.wpdns.ca\/fr\/accueil\/#\/schema\/logo\/image\/\",\"url\":\"https:\/\/www.lescitadinsnatation.com\/wp-content\/uploads\/2025\/04\/Logo_CitadinsNatation_AvecTexte_Avril2025.png\",\"contentUrl\":\"https:\/\/www.lescitadinsnatation.com\/wp-content\/uploads\/2025\/04\/Logo_CitadinsNatation_AvecTexte_Avril2025.png\",\"width\":690,\"height\":427,\"caption\":\"Les Citadins Natation\"},\"image\":{\"@id\":\"https:\/\/wp212640.wpdns.ca\/fr\/accueil\/#\/schema\/logo\/image\/\"}}]}<\/script>\n<!-- \/ Yoast SEO plugin. -->","yoast_head_json":{"title":"Boutique - Les Citadins Natation","robots":{"index":"index","follow":"follow","max-snippet":"max-snippet:-1","max-image-preview":"max-image-preview:large","max-video-preview":"max-video-preview:-1"},"canonical":"https:\/\/wp212640.wpdns.ca\/fr\/boutique\/","og_locale":"fr_CA","og_type":"article","og_title":"Boutique - Les Citadins Natation","og_description":"Boutique V\u00eatements du club les Citadins Natation Achats en ligne Chandail rouge \u00e0 capuchon en molleton Personnalisation des chandails Chandail gris \u00e0 capuchon en molleton Patalons d&rsquo;exercice &#8211; Petit logo Patalons d&rsquo;exercice &#8211; Gros logo Manteau Les Citadins Sac \u00e0 cordes Divers produits peuvent \u00eatre command\u00e9s en ligne sur le site web de Lavoie La &hellip; Read more \"Boutique\"","og_url":"https:\/\/wp212640.wpdns.ca\/fr\/boutique\/","og_site_name":"Les Citadins Natation","article_modified_time":"2024-05-02T21:34:32+00:00","og_image":[{"url":"https:\/\/wp212640.wpdns.ca\/wp-content\/uploads\/2024\/03\/Boutique_Chandail_Natation_Avant-300x300.png","type":"","width":"","height":""}],"twitter_misc":{"Estimation du temps de lecture":"5 minutes"},"schema":{"@context":"https:\/\/schema.org","@graph":[{"@type":"WebPage","@id":"https:\/\/wp212640.wpdns.ca\/fr\/boutique\/","url":"https:\/\/wp212640.wpdns.ca\/fr\/boutique\/","name":"Boutique - Les Citadins Natation","isPartOf":{"@id":"https:\/\/wp212640.wpdns.ca\/fr\/accueil\/#website"},"primaryImageOfPage":{"@id":"https:\/\/wp212640.wpdns.ca\/fr\/boutique\/#primaryimage"},"image":{"@id":"https:\/\/wp212640.wpdns.ca\/fr\/boutique\/#primaryimage"},"thumbnailUrl":"https:\/\/www.lescitadinsnatation.com\/wp-content\/uploads\/2024\/03\/Boutique_Chandail_Natation_Avant-300x300.png","datePublished":"2024-01-13T21:04:12+00:00","dateModified":"2024-05-02T21:34:32+00:00","breadcrumb":{"@id":"https:\/\/wp212640.wpdns.ca\/fr\/boutique\/#breadcrumb"},"inLanguage":"fr-CA","potentialAction":[{"@type":"ReadAction","target":["https:\/\/wp212640.wpdns.ca\/fr\/boutique\/"]}]},{"@type":"ImageObject","inLanguage":"fr-CA","@id":"https:\/\/wp212640.wpdns.ca\/fr\/boutique\/#primaryimage","url":"https:\/\/www.lescitadinsnatation.com\/wp-content\/uploads\/2024\/03\/Boutique_Chandail_Natation_Avant-300x300.png","contentUrl":"https:\/\/www.lescitadinsnatation.com\/wp-content\/uploads\/2024\/03\/Boutique_Chandail_Natation_Avant-300x300.png"},{"@type":"BreadcrumbList","@id":"https:\/\/wp212640.wpdns.ca\/fr\/boutique\/#breadcrumb","itemListElement":[{"@type":"ListItem","position":1,"name":"Home","item":"https:\/\/www.lescitadinsnatation.com\/"},{"@type":"ListItem","position":2,"name":"Boutique"}]},{"@type":"WebSite","@id":"https:\/\/wp212640.wpdns.ca\/fr\/accueil\/#website","url":"https:\/\/wp212640.wpdns.ca\/fr\/accueil\/","name":"Les Citadins Natation","description":"Atteindre l&#039;excellence, une longueur \u00e0 la fois !","publisher":{"@id":"https:\/\/wp212640.wpdns.ca\/fr\/accueil\/#organization"},"potentialAction":[{"@type":"SearchAction","target":{"@type":"EntryPoint","urlTemplate":"https:\/\/wp212640.wpdns.ca\/fr\/accueil\/?s={search_term_string}"},"query-input":{"@type":"PropertyValueSpecification","valueRequired":true,"valueName":"search_term_string"}}],"inLanguage":"fr-CA"},{"@type":"Organization","@id":"https:\/\/wp212640.wpdns.ca\/fr\/accueil\/#organization","name":"Les Citadins Natation","url":"https:\/\/wp212640.wpdns.ca\/fr\/accueil\/","logo":{"@type":"ImageObject","inLanguage":"fr-CA","@id":"https:\/\/wp212640.wpdns.ca\/fr\/accueil\/#\/schema\/logo\/image\/","url":"https:\/\/www.lescitadinsnatation.com\/wp-content\/uploads\/2025\/04\/Logo_CitadinsNatation_AvecTexte_Avril2025.png","contentUrl":"https:\/\/www.lescitadinsnatation.com\/wp-content\/uploads\/2025\/04\/Logo_CitadinsNatation_AvecTexte_Avril2025.png","width":690,"height":427,"caption":"Les Citadins Natation"},"image":{"@id":"https:\/\/wp212640.wpdns.ca\/fr\/accueil\/#\/schema\/logo\/image\/"}}]}},"_links":{"self":[{"href":"https:\/\/www.lescitadinsnatation.com\/fr\/wp-json\/wp\/v2\/pages\/705","targetHints":{"allow":["GET"]}}],"collection":[{"href":"https:\/\/www.lescitadinsnatation.com\/fr\/wp-json\/wp\/v2\/pages"}],"about":[{"href":"https:\/\/www.lescitadinsnatation.com\/fr\/wp-json\/wp\/v2\/types\/page"}],"author":[{"embeddable":true,"href":"https:\/\/www.lescitadinsnatation.com\/fr\/wp-json\/wp\/v2\/users\/1"}],"replies":[{"embeddable":true,"href":"https:\/\/www.lescitadinsnatation.com\/fr\/wp-json\/wp\/v2\/comments?post=705"}],"version-history":[{"count":73,"href":"https:\/\/www.lescitadinsnatation.com\/fr\/wp-json\/wp\/v2\/pages\/705\/revisions"}],"predecessor-version":[{"id":2741,"href":"https:\/\/www.lescitadinsnatation.com\/fr\/wp-json\/wp\/v2\/pages\/705\/revisions\/2741"}],"wp:attachment":[{"href":"https:\/\/www.lescitadinsnatation.com\/fr\/wp-json\/wp\/v2\/media?parent=705"}],"curies":[{"name":"wp","href":"https:\/\/api.w.org\/{rel}","templated":true}]}}